{"id":77949,"date":"2025-07-11T16:25:39","date_gmt":"2025-07-11T13:25:39","guid":{"rendered":"https:\/\/demo8.ecube.lv\/sezona.lv\/products\/mammut-gulammaiss-kompakt-down-spring-180\/"},"modified":"2025-07-14T15:15:43","modified_gmt":"2025-07-14T12:15:43","slug":"mammut-gulammaiss-kompakt-down-spring-180","status":"publish","type":"product","link":"https:\/\/sezona.lv\/en\/products\/mammut-gulammaiss-kompakt-down-spring-180\/","title":{"rendered":"Mammut gu\u013cammaiss Kompakt Down Spring 180"},"content":{"rendered":"<p><p>\u012apa&scaron;i viegls d\u016bnu gu\u013cammais ar augstas kvalit\u0101tes dun\u0101m un  regul\u0101ru piegriezumu padara &scaron;o gu\u013cammaisu \u013coti komfortablu un vieglu!  \u012apa&scaron;a konstrukcija dos papildus siltumu k\u0101ju un galvas da\u013c\u0101. Performance  Hood sist\u0113ma nodro&scaron;ina nepiecie&scaron;amo siltumu galvai, k\u0101 ar\u012b pilnu  redzam\u012bbu ar aizv\u0113rtu kapuci. Ir iek&scaron;\u0113j\u0101 kabata ar r\u0101v\u0113jsl\u0113dz\u0113ju.<\/p>\n<p><strong>Svars [g] <\/strong>670<\/p>\n<p><strong>R\u0101v\u0113jsl\u0113dz\u0113ja garums [cm] <\/strong>160<\/p>\n<p><strong>Tilpums [l] <\/strong>4,8<\/p>\n<p><strong>Siltin\u0101juma daudzums [g] <\/strong>240<\/p>\n<p><strong>Maksim\u0101lais auguma garums<\/strong> 180 cm<\/p>\n<p><strong>Iek&scaron;\u0113jais garums (EN 13537: 2012)<\/strong> 194 cm<\/p>\n<p><strong>Iek&scaron;\u0113jais platums k\u0101ju zon\u0101 (EN 13537: 2012<\/strong>) 50 cm<\/p>\n<p><strong>Minim\u0101l\u0101 Komforta temperat\u016bras &deg; C (EN 13537: 2012)<\/strong> 1 &deg; C<\/p>\n<p><strong>Ekstrem\u0101l\u0101 temperat\u016bra &deg; C (EN 13537: 2012)<\/strong> -15 &deg; C<\/p>\n<p><strong>Komforta temperat\u016bra &deg; C (EN 13537: 2012)<\/strong> 6 &deg; C<\/p>\n<p><strong>Maksim\u0101lais iek&scaron;\u0113jais platums EN (13537: 2012)<\/strong> 78 cm<\/p>\n<p><strong>Pamat materi\u0101ls<\/strong> 30D Nylon 100% Polyester<\/p>\n<p><strong>Pild\u012bjums <\/strong>90% White goose down | 10% White goose feathe<\/p>\n<p><strong>Oder\u0113juma materi\u0101ls <\/strong>50D Neylon 100% Polyester<\/p>\n<\/p>\n<p>&nbsp;<\/p>\n","protected":false},"excerpt":{"rendered":"<p>\u012apa&scaron;i viegls d\u016bnu gu\u013cammais ar augstas kvalit\u0101tes dun\u0101m un regul\u0101ru piegriezumu padara &scaron;o gu\u013cammaisu \u013coti komfortablu un vieglu! \u012apa&scaron;a konstrukcija dos papildus siltumu k\u0101ju un galvas da\u013c\u0101. Performance Hood sist\u0113ma nodro&scaron;ina nepiecie&scaron;amo siltumu galvai, k\u0101 ar\u012b pilnu redzam\u012bbu ar aizv\u0113rtu kapuci. Ir iek&scaron;\u0113j\u0101 kabata ar r\u0101v\u0113jsl\u0113dz\u0113ju. Svars [g] 670 R\u0101v\u0113jsl\u0113dz\u0113ja garums [cm] 160 Tilpums [l] [&hellip;]<\/p>\n","protected":false},"featured_media":68735,"template":"","meta":[],"product_brand":[3386],"product_cat":[4558,4569,4983],"product_tag":[],"class_list":{"0":"post-77949","1":"product","2":"type-product","3":"status-publish","4":"has-post-thumbnail","6":"product_brand-mammut","7":"product_cat-for-tourism-recreation","8":"product_cat-sleeping-bags-for-tourism-recreation","9":"product_cat-mammut-sleeping-bags-sleeping-bags-for-tourism-recreation","11":"first","12":"instock","13":"shipping-taxable","14":"purchasable","15":"product-type-simple"},"_links":{"self":[{"href":"https:\/\/sezona.lv\/en\/wp-json\/wp\/v2\/product\/77949","targetHints":{"allow":["GET"]}}],"collection":[{"href":"https:\/\/sezona.lv\/en\/wp-json\/wp\/v2\/product"}],"about":[{"href":"https:\/\/sezona.lv\/en\/wp-json\/wp\/v2\/types\/product"}],"wp:featuredmedia":[{"embeddable":true,"href":"https:\/\/sezona.lv\/en\/wp-json\/wp\/v2\/media\/68735"}],"wp:attachment":[{"href":"https:\/\/sezona.lv\/en\/wp-json\/wp\/v2\/media?parent=77949"}],"wp:term":[{"taxonomy":"product_brand","embeddable":true,"href":"https:\/\/sezona.lv\/en\/wp-json\/wp\/v2\/product_brand?post=77949"},{"taxonomy":"product_cat","embeddable":true,"href":"https:\/\/sezona.lv\/en\/wp-json\/wp\/v2\/product_cat?post=77949"},{"taxonomy":"product_tag","embeddable":true,"href":"https:\/\/sezona.lv\/en\/wp-json\/wp\/v2\/product_tag?post=77949"}],"curies":[{"name":"wp","href":"https:\/\/api.w.org\/{rel}","templated":true}]}}