{"id":77952,"date":"2025-07-11T16:25:43","date_gmt":"2025-07-11T13:25:43","guid":{"rendered":"https:\/\/demo8.ecube.lv\/sezona.lv\/products\/coleman-gulammaiss-silverton-150\/"},"modified":"2025-07-14T15:15:46","modified_gmt":"2025-07-14T12:15:46","slug":"coleman-gulammaiss-silverton-150","status":"publish","type":"product","link":"https:\/\/sezona.lv\/en\/products\/coleman-gulammaiss-silverton-150\/","title":{"rendered":"Coleman gu\u013cammaiss Silverton 150"},"content":{"rendered":"<p>Komfortabls gu\u013cammaiss, kas nodro&scaron;ina \u0113rtumu un siltumu pat tad, ja nakts izr\u0101d\u0101s aukst\u0101ka nek\u0101 cer\u0113ts. Iztur\u012bgais &ldquo;ripstop&rdquo; materi\u0101ls pasarg\u0101s gu\u013cammaisu no meh\u0101niskas iedarb\u012bbas.<\/p>\n<p>&nbsp;<\/p>\n<p>Materi\u0101ls &nbsp;&ndash; sint\u0113tika dubult\u0101 sl\u0101n\u012b &ndash; 2 x 190g\/m2<\/p>\n<p>Izm\u0113rs &ndash; 208 x 81 cm<\/p>\n<p>Svars &ndash; 1.8 kg<\/p>\n<p>Komforta t &ndash; (+3)<\/p>\n","protected":false},"excerpt":{"rendered":"<p>Komfortabls gu\u013cammaiss, kas nodro&scaron;ina \u0113rtumu un siltumu pat tad, ja nakts izr\u0101d\u0101s aukst\u0101ka nek\u0101 cer\u0113ts. Iztur\u012bgais &ldquo;ripstop&rdquo; materi\u0101ls pasarg\u0101s gu\u013cammaisu no meh\u0101niskas iedarb\u012bbas. &nbsp; Materi\u0101ls &nbsp;&ndash; sint\u0113tika dubult\u0101 sl\u0101n\u012b &ndash; 2 x 190g\/m2 Izm\u0113rs &ndash; 208 x 81 cm Svars &ndash; 1.8 kg Komforta t &ndash; (+3)<\/p>\n","protected":false},"featured_media":68756,"template":"","meta":[],"product_brand":[3381],"product_cat":[4558,4569,4984],"product_tag":[],"class_list":{"0":"post-77952","1":"product","2":"type-product","3":"status-publish","4":"has-post-thumbnail","6":"product_brand-coleman","7":"product_cat-for-tourism-recreation","8":"product_cat-sleeping-bags-for-tourism-recreation","9":"product_cat-coleman-sleeping-bags-sleeping-bags-for-tourism-recreation","11":"first","12":"instock","13":"shipping-taxable","14":"purchasable","15":"product-type-simple"},"_links":{"self":[{"href":"https:\/\/sezona.lv\/en\/wp-json\/wp\/v2\/product\/77952","targetHints":{"allow":["GET"]}}],"collection":[{"href":"https:\/\/sezona.lv\/en\/wp-json\/wp\/v2\/product"}],"about":[{"href":"https:\/\/sezona.lv\/en\/wp-json\/wp\/v2\/types\/product"}],"wp:featuredmedia":[{"embeddable":true,"href":"https:\/\/sezona.lv\/en\/wp-json\/wp\/v2\/media\/68756"}],"wp:attachment":[{"href":"https:\/\/sezona.lv\/en\/wp-json\/wp\/v2\/media?parent=77952"}],"wp:term":[{"taxonomy":"product_brand","embeddable":true,"href":"https:\/\/sezona.lv\/en\/wp-json\/wp\/v2\/product_brand?post=77952"},{"taxonomy":"product_cat","embeddable":true,"href":"https:\/\/sezona.lv\/en\/wp-json\/wp\/v2\/product_cat?post=77952"},{"taxonomy":"product_tag","embeddable":true,"href":"https:\/\/sezona.lv\/en\/wp-json\/wp\/v2\/product_tag?post=77952"}],"curies":[{"name":"wp","href":"https:\/\/api.w.org\/{rel}","templated":true}]}}