{"id":77953,"date":"2025-07-11T16:25:45","date_gmt":"2025-07-11T13:25:45","guid":{"rendered":"https:\/\/demo8.ecube.lv\/sezona.lv\/products\/coleman-gulammaiss-biker\/"},"modified":"2025-07-14T15:15:47","modified_gmt":"2025-07-14T12:15:47","slug":"coleman-gulammaiss-biker","status":"publish","type":"product","link":"https:\/\/sezona.lv\/en\/products\/coleman-gulammaiss-biker\/","title":{"rendered":"Coleman gu\u013cammaiss Biker"},"content":{"rendered":"<p>Viegls m\u016bmijveida gu\u013cammaiss, kas \u0113rti sapakojams kompakt\u0101\/mitrumiztur\u012bg\u0101 iepakojum\u0101. Lieliski piem\u0113rots vasaras p\u0101rg\u0101jieniem vai izbraucieniem ar motociklu, vai velosip\u0113du.<\/p>\n<p>&nbsp;<\/p>\n<p>Materi\u0101ls &ndash; Coletherm sint\u0113tika<\/p>\n<p>Svars &ndash; 990 g<\/p>\n<p>Izm\u0113rs &ndash; 220 x 80\/55 cm<\/p>\n<p>Komforta t &ndash; (+ 14)<\/p>\n","protected":false},"excerpt":{"rendered":"<p>Viegls m\u016bmijveida gu\u013cammaiss, kas \u0113rti sapakojams kompakt\u0101\/mitrumiztur\u012bg\u0101 iepakojum\u0101. Lieliski piem\u0113rots vasaras p\u0101rg\u0101jieniem vai izbraucieniem ar motociklu, vai velosip\u0113du. &nbsp; Materi\u0101ls &ndash; Coletherm sint\u0113tika Svars &ndash; 990 g Izm\u0113rs &ndash; 220 x 80\/55 cm Komforta t &ndash; (+ 14)<\/p>\n","protected":false},"featured_media":68759,"template":"","meta":[],"product_brand":[3381],"product_cat":[4558,4569,4984],"product_tag":[],"class_list":{"0":"post-77953","1":"product","2":"type-product","3":"status-publish","4":"has-post-thumbnail","6":"product_brand-coleman","7":"product_cat-for-tourism-recreation","8":"product_cat-sleeping-bags-for-tourism-recreation","9":"product_cat-coleman-sleeping-bags-sleeping-bags-for-tourism-recreation","11":"first","12":"instock","13":"shipping-taxable","14":"purchasable","15":"product-type-simple"},"_links":{"self":[{"href":"https:\/\/sezona.lv\/en\/wp-json\/wp\/v2\/product\/77953","targetHints":{"allow":["GET"]}}],"collection":[{"href":"https:\/\/sezona.lv\/en\/wp-json\/wp\/v2\/product"}],"about":[{"href":"https:\/\/sezona.lv\/en\/wp-json\/wp\/v2\/types\/product"}],"wp:featuredmedia":[{"embeddable":true,"href":"https:\/\/sezona.lv\/en\/wp-json\/wp\/v2\/media\/68759"}],"wp:attachment":[{"href":"https:\/\/sezona.lv\/en\/wp-json\/wp\/v2\/media?parent=77953"}],"wp:term":[{"taxonomy":"product_brand","embeddable":true,"href":"https:\/\/sezona.lv\/en\/wp-json\/wp\/v2\/product_brand?post=77953"},{"taxonomy":"product_cat","embeddable":true,"href":"https:\/\/sezona.lv\/en\/wp-json\/wp\/v2\/product_cat?post=77953"},{"taxonomy":"product_tag","embeddable":true,"href":"https:\/\/sezona.lv\/en\/wp-json\/wp\/v2\/product_tag?post=77953"}],"curies":[{"name":"wp","href":"https:\/\/api.w.org\/{rel}","templated":true}]}}