{"id":77955,"date":"2025-07-11T16:25:47","date_gmt":"2025-07-11T13:25:47","guid":{"rendered":"https:\/\/demo8.ecube.lv\/sezona.lv\/products\/mammut-spilvens-kompakt-pillow\/"},"modified":"2025-07-14T15:15:49","modified_gmt":"2025-07-14T12:15:49","slug":"mammut-spilvens-kompakt-pillow","status":"publish","type":"product","link":"https:\/\/sezona.lv\/en\/products\/mammut-spilvens-kompakt-pillow\/","title":{"rendered":"Mammut spilvens Kompakt pillow"},"content":{"rendered":"<p>Piep\u016b&scaron;ams ar putam pild\u012bts spilvens, kur&scaron; \u0113rti iek\u013caujas Mammut gu\u013cammaisu kapuc\u0113.<\/p>\n<p>Izm\u0113rs: 18&times;32 cm<\/p>\n","protected":false},"excerpt":{"rendered":"<p>Piep\u016b&scaron;ams ar putam pild\u012bts spilvens, kur&scaron; \u0113rti iek\u013caujas Mammut gu\u013cammaisu kapuc\u0113. Izm\u0113rs: 18&times;32 cm<\/p>\n","protected":false},"featured_media":68767,"template":"","meta":[],"product_brand":[3386],"product_cat":[4558,4569,4979],"product_tag":[],"class_list":{"0":"post-77955","1":"product","2":"type-product","3":"status-publish","4":"has-post-thumbnail","6":"product_brand-mammut","7":"product_cat-for-tourism-recreation","8":"product_cat-sleeping-bags-for-tourism-recreation","9":"product_cat-pillows-sleeping-bags-for-tourism-recreation","11":"first","12":"instock","13":"shipping-taxable","14":"purchasable","15":"product-type-simple"},"_links":{"self":[{"href":"https:\/\/sezona.lv\/en\/wp-json\/wp\/v2\/product\/77955","targetHints":{"allow":["GET"]}}],"collection":[{"href":"https:\/\/sezona.lv\/en\/wp-json\/wp\/v2\/product"}],"about":[{"href":"https:\/\/sezona.lv\/en\/wp-json\/wp\/v2\/types\/product"}],"wp:featuredmedia":[{"embeddable":true,"href":"https:\/\/sezona.lv\/en\/wp-json\/wp\/v2\/media\/68767"}],"wp:attachment":[{"href":"https:\/\/sezona.lv\/en\/wp-json\/wp\/v2\/media?parent=77955"}],"wp:term":[{"taxonomy":"product_brand","embeddable":true,"href":"https:\/\/sezona.lv\/en\/wp-json\/wp\/v2\/product_brand?post=77955"},{"taxonomy":"product_cat","embeddable":true,"href":"https:\/\/sezona.lv\/en\/wp-json\/wp\/v2\/product_cat?post=77955"},{"taxonomy":"product_tag","embeddable":true,"href":"https:\/\/sezona.lv\/en\/wp-json\/wp\/v2\/product_tag?post=77955"}],"curies":[{"name":"wp","href":"https:\/\/api.w.org\/{rel}","templated":true}]}}