{"id":77956,"date":"2025-07-11T16:25:48","date_gmt":"2025-07-11T13:25:48","guid":{"rendered":"https:\/\/demo8.ecube.lv\/sezona.lv\/products\/stiga-rakete-frontal-5-straight\/"},"modified":"2025-07-14T15:15:50","modified_gmt":"2025-07-14T12:15:50","slug":"stiga-rakete-frontal-5-straight","status":"publish","type":"product","link":"https:\/\/sezona.lv\/en\/products\/stiga-rakete-frontal-5-straight\/","title":{"rendered":"STIGA rakete Frontal 5* (straight)"},"content":{"rendered":"<p>Stiga Frontal 5*straight galda tenisa rakete <br \/>Kontrole: 44 <br \/>\u0100trums: 98 <br \/>Rot\u0101cija: 99 <br \/>Sl\u0101\u0146u skaits: 5 <br \/>Tips: OFF + <br \/>Rokturis: STRAIGHT<\/p>\n","protected":false},"excerpt":{"rendered":"<p>Stiga Frontal 5*straight galda tenisa rakete Kontrole: 44 \u0100trums: 98 Rot\u0101cija: 99 Sl\u0101\u0146u skaits: 5 Tips: OFF + Rokturis: STRAIGHT<\/p>\n","protected":false},"featured_media":68770,"template":"","meta":[],"product_brand":[898],"product_cat":[4602,4635],"product_tag":[],"class_list":{"0":"post-77956","1":"product","2":"type-product","3":"status-publish","4":"has-post-thumbnail","6":"product_brand-stiga","7":"product_cat-summer-sports-sports","8":"product_cat-ping-pong-summer-sports-sports","10":"first","11":"instock","12":"shipping-taxable","13":"purchasable","14":"product-type-simple"},"_links":{"self":[{"href":"https:\/\/sezona.lv\/en\/wp-json\/wp\/v2\/product\/77956","targetHints":{"allow":["GET"]}}],"collection":[{"href":"https:\/\/sezona.lv\/en\/wp-json\/wp\/v2\/product"}],"about":[{"href":"https:\/\/sezona.lv\/en\/wp-json\/wp\/v2\/types\/product"}],"wp:featuredmedia":[{"embeddable":true,"href":"https:\/\/sezona.lv\/en\/wp-json\/wp\/v2\/media\/68770"}],"wp:attachment":[{"href":"https:\/\/sezona.lv\/en\/wp-json\/wp\/v2\/media?parent=77956"}],"wp:term":[{"taxonomy":"product_brand","embeddable":true,"href":"https:\/\/sezona.lv\/en\/wp-json\/wp\/v2\/product_brand?post=77956"},{"taxonomy":"product_cat","embeddable":true,"href":"https:\/\/sezona.lv\/en\/wp-json\/wp\/v2\/product_cat?post=77956"},{"taxonomy":"product_tag","embeddable":true,"href":"https:\/\/sezona.lv\/en\/wp-json\/wp\/v2\/product_tag?post=77956"}],"curies":[{"name":"wp","href":"https:\/\/api.w.org\/{rel}","templated":true}]}}