{"id":77958,"date":"2025-07-11T16:25:50","date_gmt":"2025-07-11T13:25:50","guid":{"rendered":"https:\/\/demo8.ecube.lv\/sezona.lv\/products\/stiga-rakete-furious-4-straight\/"},"modified":"2025-07-14T15:15:52","modified_gmt":"2025-07-14T12:15:52","slug":"stiga-rakete-furious-4-straight","status":"publish","type":"product","link":"https:\/\/sezona.lv\/en\/products\/stiga-rakete-furious-4-straight\/","title":{"rendered":"STIGA rakete Furious 4* (straight)"},"content":{"rendered":"<p>Stiga Furious 4* straight galda tenisa rakete <br \/>Kontrole: 50 <br \/>\u0100trums: 88 <br \/>Rot\u0101cija: 83 <br \/>Sl\u0101\u0146u skaits: 5 <br \/>\u0422ips: OFF <br \/>Rokturis: STRAIGHT<\/p>\n","protected":false},"excerpt":{"rendered":"<p>Stiga Furious 4* straight galda tenisa rakete Kontrole: 50 \u0100trums: 88 Rot\u0101cija: 83 Sl\u0101\u0146u skaits: 5 \u0422ips: OFF Rokturis: STRAIGHT<\/p>\n","protected":false},"featured_media":68775,"template":"","meta":[],"product_brand":[898],"product_cat":[4602,4635],"product_tag":[],"class_list":{"0":"post-77958","1":"product","2":"type-product","3":"status-publish","4":"has-post-thumbnail","6":"product_brand-stiga","7":"product_cat-summer-sports-sports","8":"product_cat-ping-pong-summer-sports-sports","10":"first","11":"instock","12":"shipping-taxable","13":"purchasable","14":"product-type-simple"},"_links":{"self":[{"href":"https:\/\/sezona.lv\/en\/wp-json\/wp\/v2\/product\/77958","targetHints":{"allow":["GET"]}}],"collection":[{"href":"https:\/\/sezona.lv\/en\/wp-json\/wp\/v2\/product"}],"about":[{"href":"https:\/\/sezona.lv\/en\/wp-json\/wp\/v2\/types\/product"}],"wp:featuredmedia":[{"embeddable":true,"href":"https:\/\/sezona.lv\/en\/wp-json\/wp\/v2\/media\/68775"}],"wp:attachment":[{"href":"https:\/\/sezona.lv\/en\/wp-json\/wp\/v2\/media?parent=77958"}],"wp:term":[{"taxonomy":"product_brand","embeddable":true,"href":"https:\/\/sezona.lv\/en\/wp-json\/wp\/v2\/product_brand?post=77958"},{"taxonomy":"product_cat","embeddable":true,"href":"https:\/\/sezona.lv\/en\/wp-json\/wp\/v2\/product_cat?post=77958"},{"taxonomy":"product_tag","embeddable":true,"href":"https:\/\/sezona.lv\/en\/wp-json\/wp\/v2\/product_tag?post=77958"}],"curies":[{"name":"wp","href":"https:\/\/api.w.org\/{rel}","templated":true}]}}