{"id":77977,"date":"2025-07-11T16:26:34","date_gmt":"2025-07-11T13:26:34","guid":{"rendered":"https:\/\/demo8.ecube.lv\/sezona.lv\/products\/salmo-ziemas-makskere-ice-ecorod\/"},"modified":"2025-07-14T15:16:11","modified_gmt":"2025-07-14T12:16:11","slug":"salmo-ziemas-makskere-ice-ecorod","status":"publish","type":"product","link":"https:\/\/sezona.lv\/en\/products\/salmo-ziemas-makskere-ice-ecorod\/","title":{"rendered":"Salmo ziemas mak\u0161\u0137ere ICE ECOROD"},"content":{"rendered":"<p><span>Ziemas sporta mak&scaron;\u0137ere &ndash; balalaika. Korpuss izgatavots no iztur\u012bga plastik\u0101ta. Speci\u0101lais fr\u0113z\u0113jums spoles bremzes disk\u0101 nodro&scaron;ina, vieglu un \u0101tru bremzes regul\u0113&scaron;anu. Korpusa kr\u0101sa &ndash; dzeltena.<\/span><\/p>\n","protected":false},"excerpt":{"rendered":"<p>Ziemas sporta mak&scaron;\u0137ere &ndash; balalaika. Korpuss izgatavots no iztur\u012bga plastik\u0101ta. Speci\u0101lais fr\u0113z\u0113jums spoles bremzes disk\u0101 nodro&scaron;ina, vieglu un \u0101tru bremzes regul\u0113&scaron;anu. Korpusa kr\u0101sa &ndash; dzeltena.<\/p>\n","protected":false},"featured_media":0,"template":"","meta":[],"product_brand":[894],"product_cat":[4585,4586],"product_tag":[],"class_list":{"0":"post-77977","1":"product","2":"type-product","3":"status-publish","5":"product_brand-salmo","6":"product_cat-winter-fishing-equipment-recreation","7":"product_cat-winter-fishing-rod-winter-fishing-equipment-recreation","9":"first","10":"instock","11":"shipping-taxable","12":"purchasable","13":"product-type-simple"},"_links":{"self":[{"href":"https:\/\/sezona.lv\/en\/wp-json\/wp\/v2\/product\/77977","targetHints":{"allow":["GET"]}}],"collection":[{"href":"https:\/\/sezona.lv\/en\/wp-json\/wp\/v2\/product"}],"about":[{"href":"https:\/\/sezona.lv\/en\/wp-json\/wp\/v2\/types\/product"}],"wp:attachment":[{"href":"https:\/\/sezona.lv\/en\/wp-json\/wp\/v2\/media?parent=77977"}],"wp:term":[{"taxonomy":"product_brand","embeddable":true,"href":"https:\/\/sezona.lv\/en\/wp-json\/wp\/v2\/product_brand?post=77977"},{"taxonomy":"product_cat","embeddable":true,"href":"https:\/\/sezona.lv\/en\/wp-json\/wp\/v2\/product_cat?post=77977"},{"taxonomy":"product_tag","embeddable":true,"href":"https:\/\/sezona.lv\/en\/wp-json\/wp\/v2\/product_tag?post=77977"}],"curies":[{"name":"wp","href":"https:\/\/api.w.org\/{rel}","templated":true}]}}