{"id":77981,"date":"2025-07-11T16:26:38","date_gmt":"2025-07-11T13:26:38","guid":{"rendered":"https:\/\/demo8.ecube.lv\/sezona.lv\/products\/salmo-ziemas-makskere-ice-travel-50cm\/"},"modified":"2025-07-14T15:16:15","modified_gmt":"2025-07-14T12:16:15","slug":"salmo-ziemas-makskere-ice-travel-50cm","status":"publish","type":"product","link":"https:\/\/sezona.lv\/en\/products\/salmo-ziemas-makskere-ice-travel-50cm\/","title":{"rendered":"Salmo ziemas mak\u0161\u0137ere Ice Travel 50cm"},"content":{"rendered":"<p><span>Ziemas mak&scaron;\u0137ere pl\u0113s\u012bgo zivju mak&scaron;\u0137er\u0113&scaron;anai<\/span><\/p>\n<table border=\"0\" cellspacing=\"0\" cellpadding=\"0\" width=\"272\">\n<colgroup>\n<col width=\"80\"><\/col>\n<col width=\"192\"><\/col>\n<\/colgroup>\n<tbody>\n<tr>\n<td class=\"xl68\" width=\"80\" height=\"16\">424-01<\/td>\n<td class=\"xl68\" width=\"192\">Mak&scaron;\u0137ere ziemas Salmo Ice Travel Hard 50cm<\/td>\n<\/tr>\n<tr>\n<td class=\"xl68\" width=\"80\" height=\"16\">424-02<\/td>\n<td class=\"xl68\" width=\"192\">Mak&scaron;\u0137ere ziemas Salmo Ice Travel Soft 50cm<\/td>\n<\/tr>\n<\/tbody>\n<\/table>\n","protected":false},"excerpt":{"rendered":"<p>Ziemas mak&scaron;\u0137ere pl\u0113s\u012bgo zivju mak&scaron;\u0137er\u0113&scaron;anai 424-01 Mak&scaron;\u0137ere ziemas Salmo Ice Travel Hard 50cm 424-02 Mak&scaron;\u0137ere ziemas Salmo Ice Travel Soft 50cm<\/p>\n","protected":false},"featured_media":0,"template":"","meta":[],"product_brand":[894],"product_cat":[4585,4586],"product_tag":[],"class_list":{"0":"post-77981","1":"product","2":"type-product","3":"status-publish","5":"product_brand-salmo","6":"product_cat-winter-fishing-equipment-recreation","7":"product_cat-winter-fishing-rod-winter-fishing-equipment-recreation","9":"first","10":"instock","11":"shipping-taxable","12":"purchasable","13":"product-type-simple"},"_links":{"self":[{"href":"https:\/\/sezona.lv\/en\/wp-json\/wp\/v2\/product\/77981","targetHints":{"allow":["GET"]}}],"collection":[{"href":"https:\/\/sezona.lv\/en\/wp-json\/wp\/v2\/product"}],"about":[{"href":"https:\/\/sezona.lv\/en\/wp-json\/wp\/v2\/types\/product"}],"wp:attachment":[{"href":"https:\/\/sezona.lv\/en\/wp-json\/wp\/v2\/media?parent=77981"}],"wp:term":[{"taxonomy":"product_brand","embeddable":true,"href":"https:\/\/sezona.lv\/en\/wp-json\/wp\/v2\/product_brand?post=77981"},{"taxonomy":"product_cat","embeddable":true,"href":"https:\/\/sezona.lv\/en\/wp-json\/wp\/v2\/product_cat?post=77981"},{"taxonomy":"product_tag","embeddable":true,"href":"https:\/\/sezona.lv\/en\/wp-json\/wp\/v2\/product_tag?post=77981"}],"curies":[{"name":"wp","href":"https:\/\/api.w.org\/{rel}","templated":true}]}}