{"id":77983,"date":"2025-07-11T16:26:40","date_gmt":"2025-07-11T13:26:40","guid":{"rendered":"https:\/\/demo8.ecube.lv\/sezona.lv\/products\/salmo-spole-ziemas-ar-taustinu-bremzi-ice\/"},"modified":"2025-07-14T15:16:17","modified_gmt":"2025-07-14T12:16:17","slug":"salmo-spole-ziemas-ar-taustinu-bremzi-ice","status":"publish","type":"product","link":"https:\/\/sezona.lv\/en\/products\/salmo-spole-ziemas-ar-taustinu-bremzi-ice\/","title":{"rendered":"Salmo spole ziemas AR TAUSTI\u0145U BREMZI ICE"},"content":{"rendered":"<p><span>Klasiska spole met\u0101la korpus\u0101, apr\u012bkota ar tausti\u0146bremzi. Spol\u012btes izm\u0113rs &#8211; 65mm, svars &#8211; 90 grami.<\/span><\/p>\n","protected":false},"excerpt":{"rendered":"<p>Klasiska spole met\u0101la korpus\u0101, apr\u012bkota ar tausti\u0146bremzi. Spol\u012btes izm\u0113rs &#8211; 65mm, svars &#8211; 90 grami.<\/p>\n","protected":false},"featured_media":0,"template":"","meta":[],"product_brand":[894],"product_cat":[4585,4987],"product_tag":[],"class_list":{"0":"post-77983","1":"product","2":"type-product","3":"status-publish","5":"product_brand-salmo","6":"product_cat-winter-fishing-equipment-recreation","7":"product_cat-winter-reels-winter-fishing-equipment-recreation","9":"first","10":"instock","11":"shipping-taxable","12":"purchasable","13":"product-type-simple"},"_links":{"self":[{"href":"https:\/\/sezona.lv\/en\/wp-json\/wp\/v2\/product\/77983","targetHints":{"allow":["GET"]}}],"collection":[{"href":"https:\/\/sezona.lv\/en\/wp-json\/wp\/v2\/product"}],"about":[{"href":"https:\/\/sezona.lv\/en\/wp-json\/wp\/v2\/types\/product"}],"wp:attachment":[{"href":"https:\/\/sezona.lv\/en\/wp-json\/wp\/v2\/media?parent=77983"}],"wp:term":[{"taxonomy":"product_brand","embeddable":true,"href":"https:\/\/sezona.lv\/en\/wp-json\/wp\/v2\/product_brand?post=77983"},{"taxonomy":"product_cat","embeddable":true,"href":"https:\/\/sezona.lv\/en\/wp-json\/wp\/v2\/product_cat?post=77983"},{"taxonomy":"product_tag","embeddable":true,"href":"https:\/\/sezona.lv\/en\/wp-json\/wp\/v2\/product_tag?post=77983"}],"curies":[{"name":"wp","href":"https:\/\/api.w.org\/{rel}","templated":true}]}}