{"id":77985,"date":"2025-07-11T16:26:43","date_gmt":"2025-07-11T13:26:43","guid":{"rendered":"https:\/\/demo8.ecube.lv\/sezona.lv\/products\/salmo-aukla-monofila-fluorocarbon-30m\/"},"modified":"2025-07-14T15:16:19","modified_gmt":"2025-07-14T12:16:19","slug":"salmo-aukla-monofila-fluorocarbon-30m","status":"publish","type":"product","link":"https:\/\/sezona.lv\/en\/products\/salmo-aukla-monofila-fluorocarbon-30m\/","title":{"rendered":"Salmo aukla monof\u012bl\u0101 FLUOROCARBON 30m"},"content":{"rendered":"<p>&nbsp;<\/p>\n<div class=\"std\">Bezkr\u0101sas auklas<\/p>\n<p>Testa atbilst\u012bba:&nbsp;<br \/>Diametrs (mm) Tests (kg)<br \/>0.08 0.80<br \/>0.10 1.05<br \/>0.12 1.30<br \/>0.14 1.65<br \/>0.16 1.90<br \/>0.18 2.60<br \/>0.20 3.10<\/div>\n<div class=\"std\"><\/div>\n<p>Veicot pas\u016bt\u012bjumu, l\u016bdzam, nor\u0101d\u012bt nepiecie&scaron;amo auklas diametru!<\/p>\n","protected":false},"excerpt":{"rendered":"<p>&nbsp; Bezkr\u0101sas auklas Testa atbilst\u012bba:&nbsp;Diametrs (mm) Tests (kg)0.08 0.800.10 1.050.12 1.300.14 1.650.16 1.900.18 2.600.20 3.10 Veicot pas\u016bt\u012bjumu, l\u016bdzam, nor\u0101d\u012bt nepiecie&scaron;amo auklas diametru!<\/p>\n","protected":false},"featured_media":107962,"template":"","meta":[],"product_brand":[894],"product_cat":[4988],"product_tag":[],"class_list":{"0":"post-77985","1":"product","2":"type-product","3":"status-publish","4":"has-post-thumbnail","6":"product_brand-salmo","7":"product_cat-winter-cords-winter-fishing-equipment-recreation","9":"first","10":"instock","11":"sale","12":"shipping-taxable","13":"purchasable","14":"product-type-simple"},"_links":{"self":[{"href":"https:\/\/sezona.lv\/en\/wp-json\/wp\/v2\/product\/77985","targetHints":{"allow":["GET"]}}],"collection":[{"href":"https:\/\/sezona.lv\/en\/wp-json\/wp\/v2\/product"}],"about":[{"href":"https:\/\/sezona.lv\/en\/wp-json\/wp\/v2\/types\/product"}],"wp:featuredmedia":[{"embeddable":true,"href":"https:\/\/sezona.lv\/en\/wp-json\/wp\/v2\/media\/107962"}],"wp:attachment":[{"href":"https:\/\/sezona.lv\/en\/wp-json\/wp\/v2\/media?parent=77985"}],"wp:term":[{"taxonomy":"product_brand","embeddable":true,"href":"https:\/\/sezona.lv\/en\/wp-json\/wp\/v2\/product_brand?post=77985"},{"taxonomy":"product_cat","embeddable":true,"href":"https:\/\/sezona.lv\/en\/wp-json\/wp\/v2\/product_cat?post=77985"},{"taxonomy":"product_tag","embeddable":true,"href":"https:\/\/sezona.lv\/en\/wp-json\/wp\/v2\/product_tag?post=77985"}],"curies":[{"name":"wp","href":"https:\/\/api.w.org\/{rel}","templated":true}]}}