{"id":77987,"date":"2025-07-11T16:26:48","date_gmt":"2025-07-11T13:26:48","guid":{"rendered":"https:\/\/demo8.ecube.lv\/sezona.lv\/products\/soma-ledusubja-motoram\/"},"modified":"2025-07-14T15:16:21","modified_gmt":"2025-07-14T12:16:21","slug":"soma-ledusubja-motoram","status":"publish","type":"product","link":"https:\/\/sezona.lv\/en\/products\/soma-ledusubja-motoram\/","title":{"rendered":"Soma ledusubja motoram"},"content":{"rendered":"<p>&nbsp;<\/p>\n<div class=\"ma-main-container col2-right-layout\">\n<div class=\"container\">\n<div class=\"main\">\n<div class=\"main-inner\">\n<div class=\"row\">\n<div class=\"col-main col-xs-12 col-sm-9\">\n<div class=\"product-view\">\n<div class=\"product-essential\">\n<div class=\"row\">\n<div class=\"product-shop col-sm-7 col-md-87 col-sms-8 col-smb-12\">\n<div class=\"short-description\">\n<div class=\"std\">Soma motoledusurbja dzin\u0113jam VISTA PHC-01<br \/>Materi\u0101ls &#8211; poliestrs<br \/>R\u0101v\u0113jsl\u0113dz\u0113js<\/div>\n<\/div>\n<\/div>\n<\/div>\n<\/div>\n<\/div>\n<\/div>\n<\/div>\n<\/div>\n<\/div>\n<\/div>\n<\/div>\n","protected":false},"excerpt":{"rendered":"<p>&nbsp; Soma motoledusurbja dzin\u0113jam VISTA PHC-01Materi\u0101ls &#8211; poliestrsR\u0101v\u0113jsl\u0113dz\u0113js<\/p>\n","protected":false},"featured_media":68871,"template":"","meta":[],"product_brand":[],"product_cat":[4585,4613],"product_tag":[],"class_list":{"0":"post-77987","1":"product","2":"type-product","3":"status-publish","4":"has-post-thumbnail","6":"product_cat-winter-fishing-equipment-recreation","7":"product_cat-ice-drills-and-accessories-winter-fishing-equipment-recreation","9":"first","10":"instock","11":"shipping-taxable","12":"purchasable","13":"product-type-simple"},"_links":{"self":[{"href":"https:\/\/sezona.lv\/en\/wp-json\/wp\/v2\/product\/77987","targetHints":{"allow":["GET"]}}],"collection":[{"href":"https:\/\/sezona.lv\/en\/wp-json\/wp\/v2\/product"}],"about":[{"href":"https:\/\/sezona.lv\/en\/wp-json\/wp\/v2\/types\/product"}],"wp:featuredmedia":[{"embeddable":true,"href":"https:\/\/sezona.lv\/en\/wp-json\/wp\/v2\/media\/68871"}],"wp:attachment":[{"href":"https:\/\/sezona.lv\/en\/wp-json\/wp\/v2\/media?parent=77987"}],"wp:term":[{"taxonomy":"product_brand","embeddable":true,"href":"https:\/\/sezona.lv\/en\/wp-json\/wp\/v2\/product_brand?post=77987"},{"taxonomy":"product_cat","embeddable":true,"href":"https:\/\/sezona.lv\/en\/wp-json\/wp\/v2\/product_cat?post=77987"},{"taxonomy":"product_tag","embeddable":true,"href":"https:\/\/sezona.lv\/en\/wp-json\/wp\/v2\/product_tag?post=77987"}],"curies":[{"name":"wp","href":"https:\/\/api.w.org\/{rel}","templated":true}]}}