{"id":77988,"date":"2025-07-14T15:16:22","date_gmt":"2025-07-14T12:16:22","guid":{"rendered":"https:\/\/demo8.ecube.lv\/sezona.lv\/products\/flisa-jaka-norfin-glacier-gray\/"},"modified":"2025-07-14T15:16:22","modified_gmt":"2025-07-14T12:16:22","slug":"flisa-jaka-norfin-glacier-gray","status":"publish","type":"product","link":"https:\/\/sezona.lv\/en\/products\/flisa-jaka-norfin-glacier-gray\/","title":{"rendered":"Fl\u012bsa jaka Norfin Glacier Gray"},"content":{"rendered":"<p>Silta un \u0113rta fl\u012bsa jaka. Rekomend\u0113jam akt\u012bvai atp\u016btai pie dabas, k\u0101 ar\u012b ikdienas n\u0113&scaron;\u0101&scaron;anai. Jaku var n\u0113s\u0101t zem ziemas kost\u012bma papildus siltumam.<\/p>\n<ul>\n<li>Augsta apkakle<\/li>\n<li>Fiksators, jakas regul\u0113&scaron;anai<\/li>\n<li>Priek&scaron;\u0113jais r\u0101v\u0113jsl\u0113dz\u0113js YKK<\/li>\n<li>Divas kr\u016b&scaron;u kabatas<\/li>\n<li>Divas s\u0101nu kabatas<\/li>\n<li>Materi\u0101ls: NORfleece Thermo (100% poliesters)<\/li>\n<\/ul>\n","protected":false},"excerpt":{"rendered":"<p>Silta un \u0113rta fl\u012bsa jaka. Rekomend\u0113jam akt\u012bvai atp\u016btai pie dabas, k\u0101 ar\u012b ikdienas n\u0113&scaron;\u0101&scaron;anai. Jaku var n\u0113s\u0101t zem ziemas kost\u012bma papildus siltumam. Augsta apkakle Fiksators, jakas regul\u0113&scaron;anai Priek&scaron;\u0113jais r\u0101v\u0113jsl\u0113dz\u0113js YKK Divas kr\u016b&scaron;u kabatas Divas s\u0101nu kabatas Materi\u0101ls: NORfleece Thermo (100% poliesters)<\/p>\n","protected":false},"featured_media":0,"template":"","meta":[],"product_brand":[899],"product_cat":[4619,4620,4640,4993],"product_tag":[],"class_list":{"0":"post-77988","1":"product","2":"type-product","3":"status-publish","5":"product_brand-norfin","6":"product_cat-winter-clothes-recreation","7":"product_cat-norfin-suits-winter-suits-for-fishing","8":"product_cat-recreation","9":"product_cat-winter-suits-for-fishing-winter-clothes-recreation","11":"first","12":"instock","13":"shipping-taxable","14":"purchasable","15":"product-type-simple"},"_links":{"self":[{"href":"https:\/\/sezona.lv\/en\/wp-json\/wp\/v2\/product\/77988","targetHints":{"allow":["GET"]}}],"collection":[{"href":"https:\/\/sezona.lv\/en\/wp-json\/wp\/v2\/product"}],"about":[{"href":"https:\/\/sezona.lv\/en\/wp-json\/wp\/v2\/types\/product"}],"wp:attachment":[{"href":"https:\/\/sezona.lv\/en\/wp-json\/wp\/v2\/media?parent=77988"}],"wp:term":[{"taxonomy":"product_brand","embeddable":true,"href":"https:\/\/sezona.lv\/en\/wp-json\/wp\/v2\/product_brand?post=77988"},{"taxonomy":"product_cat","embeddable":true,"href":"https:\/\/sezona.lv\/en\/wp-json\/wp\/v2\/product_cat?post=77988"},{"taxonomy":"product_tag","embeddable":true,"href":"https:\/\/sezona.lv\/en\/wp-json\/wp\/v2\/product_tag?post=77988"}],"curies":[{"name":"wp","href":"https:\/\/api.w.org\/{rel}","templated":true}]}}