{"id":77989,"date":"2025-07-11T16:26:51","date_gmt":"2025-07-11T13:26:51","guid":{"rendered":"https:\/\/demo8.ecube.lv\/sezona.lv\/products\/cepure-norfin-discovery-gray\/"},"modified":"2025-07-14T15:16:23","modified_gmt":"2025-07-14T12:16:23","slug":"cepure-norfin-discovery-gray","status":"publish","type":"product","link":"https:\/\/sezona.lv\/en\/products\/cepure-norfin-discovery-gray\/","title":{"rendered":"Cepure NORFIN DISCOVERY GRAY"},"content":{"rendered":"<p>&nbsp;<\/p>\n<div class=\"ma-main-container col2-right-layout\">\n<div class=\"container\">\n<div class=\"main\">\n<div class=\"main-inner\">\n<div class=\"row\">\n<div class=\"col-main col-xs-12 col-sm-9\">\n<div class=\"product-view\">\n<div class=\"product-essential\">\n<div class=\"row\">\n<div class=\"product-shop col-sm-7 col-md-87 col-sms-8 col-smb-12\">\n<div class=\"short-description\">\n<div class=\"std\">Silta ziemas cepure, kuru var vilkt uz ab\u0101m pus\u0113m. Lieliski piem\u0113rota mak&scaron;\u0137er\u0113&scaron;anai un atp\u016btai pie dabas.<\/p>\n<p>Materi\u0101ls: 100% \u0410KRILS<\/p>\n<p>Izm\u0113rs L, XL<\/p><\/div>\n<\/div>\n<\/div>\n<\/div>\n<\/div>\n<\/div>\n<\/div>\n<\/div>\n<\/div>\n<\/div>\n<\/div>\n<\/div>\n","protected":false},"excerpt":{"rendered":"<p>&nbsp; Silta ziemas cepure, kuru var vilkt uz ab\u0101m pus\u0113m. Lieliski piem\u0113rota mak&scaron;\u0137er\u0113&scaron;anai un atp\u016btai pie dabas. Materi\u0101ls: 100% \u0410KRILS Izm\u0113rs L, XL<\/p>\n","protected":false},"featured_media":68874,"template":"","meta":[],"product_brand":[899],"product_cat":[4638],"product_tag":[],"class_list":{"0":"post-77989","1":"product","2":"type-product","3":"status-publish","4":"has-post-thumbnail","6":"product_brand-norfin","7":"product_cat-hats-masks-winter-clothes-recreation","9":"first","10":"instock","11":"sale","12":"shipping-taxable","13":"purchasable","14":"product-type-variable"},"_links":{"self":[{"href":"https:\/\/sezona.lv\/en\/wp-json\/wp\/v2\/product\/77989","targetHints":{"allow":["GET"]}}],"collection":[{"href":"https:\/\/sezona.lv\/en\/wp-json\/wp\/v2\/product"}],"about":[{"href":"https:\/\/sezona.lv\/en\/wp-json\/wp\/v2\/types\/product"}],"wp:featuredmedia":[{"embeddable":true,"href":"https:\/\/sezona.lv\/en\/wp-json\/wp\/v2\/media\/68874"}],"wp:attachment":[{"href":"https:\/\/sezona.lv\/en\/wp-json\/wp\/v2\/media?parent=77989"}],"wp:term":[{"taxonomy":"product_brand","embeddable":true,"href":"https:\/\/sezona.lv\/en\/wp-json\/wp\/v2\/product_brand?post=77989"},{"taxonomy":"product_cat","embeddable":true,"href":"https:\/\/sezona.lv\/en\/wp-json\/wp\/v2\/product_cat?post=77989"},{"taxonomy":"product_tag","embeddable":true,"href":"https:\/\/sezona.lv\/en\/wp-json\/wp\/v2\/product_tag?post=77989"}],"curies":[{"name":"wp","href":"https:\/\/api.w.org\/{rel}","templated":true}]}}