{"id":77991,"date":"2025-07-11T16:26:54","date_gmt":"2025-07-11T13:26:54","guid":{"rendered":"https:\/\/demo8.ecube.lv\/sezona.lv\/products\/cepure-norfin-flisa\/"},"modified":"2025-07-14T15:16:24","modified_gmt":"2025-07-14T12:16:24","slug":"cepure-norfin-flisa","status":"publish","type":"product","link":"https:\/\/sezona.lv\/en\/products\/cepure-norfin-flisa\/","title":{"rendered":"Cepure NORFIN fl\u012bsa"},"content":{"rendered":"<p>&nbsp;<\/p>\n<div class=\"ma-main-container col2-right-layout\">\n<div class=\"container\">\n<div class=\"main\">\n<div class=\"main-inner\">\n<div class=\"row\">\n<div class=\"col-main col-xs-12 col-sm-9\">\n<div class=\"product-view\">\n<div class=\"product-essential\">\n<div class=\"row\">\n<div class=\"product-shop col-sm-7 col-md-87 col-sms-8 col-smb-12\">\n<div class=\"short-description\">\n<div class=\"std\">Cepure Norfin 302783-BL<br \/>Materi\u0101ls &ndash; 100% poliesters<br \/>Odere fl\u012bsa<br \/>L un XL izm\u0113rs<br \/>Kr\u0101sa &#8211; melna<\/div>\n<\/div>\n<\/div>\n<\/div>\n<\/div>\n<\/div>\n<\/div>\n<\/div>\n<\/div>\n<\/div>\n<\/div>\n<\/div>\n","protected":false},"excerpt":{"rendered":"<p>&nbsp; Cepure Norfin 302783-BLMateri\u0101ls &ndash; 100% poliestersOdere fl\u012bsaL un XL izm\u0113rsKr\u0101sa &#8211; melna<\/p>\n","protected":false},"featured_media":68880,"template":"","meta":[],"product_brand":[899],"product_cat":[4619,4638],"product_tag":[],"class_list":{"0":"post-77991","1":"product","2":"type-product","3":"status-publish","4":"has-post-thumbnail","6":"product_brand-norfin","7":"product_cat-winter-clothes-recreation","8":"product_cat-hats-masks-winter-clothes-recreation","10":"first","11":"instock","12":"shipping-taxable","13":"purchasable","14":"product-type-simple"},"_links":{"self":[{"href":"https:\/\/sezona.lv\/en\/wp-json\/wp\/v2\/product\/77991","targetHints":{"allow":["GET"]}}],"collection":[{"href":"https:\/\/sezona.lv\/en\/wp-json\/wp\/v2\/product"}],"about":[{"href":"https:\/\/sezona.lv\/en\/wp-json\/wp\/v2\/types\/product"}],"wp:featuredmedia":[{"embeddable":true,"href":"https:\/\/sezona.lv\/en\/wp-json\/wp\/v2\/media\/68880"}],"wp:attachment":[{"href":"https:\/\/sezona.lv\/en\/wp-json\/wp\/v2\/media?parent=77991"}],"wp:term":[{"taxonomy":"product_brand","embeddable":true,"href":"https:\/\/sezona.lv\/en\/wp-json\/wp\/v2\/product_brand?post=77991"},{"taxonomy":"product_cat","embeddable":true,"href":"https:\/\/sezona.lv\/en\/wp-json\/wp\/v2\/product_cat?post=77991"},{"taxonomy":"product_tag","embeddable":true,"href":"https:\/\/sezona.lv\/en\/wp-json\/wp\/v2\/product_tag?post=77991"}],"curies":[{"name":"wp","href":"https:\/\/api.w.org\/{rel}","templated":true}]}}