{"id":77993,"date":"2025-07-11T16:26:56","date_gmt":"2025-07-11T13:26:56","guid":{"rendered":"https:\/\/demo8.ecube.lv\/sezona.lv\/products\/cepure-norfin-frost-vilnas-ar-flisa-oderi\/"},"modified":"2025-07-14T15:16:26","modified_gmt":"2025-07-14T12:16:26","slug":"cepure-norfin-frost-vilnas-ar-flisa-oderi","status":"publish","type":"product","link":"https:\/\/sezona.lv\/en\/products\/cepure-norfin-frost-vilnas-ar-flisa-oderi\/","title":{"rendered":"Cepure NORFIN Frost vilnas ar fl\u012bsa oderi"},"content":{"rendered":"<div class=\"ma-main-container col2-right-layout\">\n<div class=\"container\">\n<div class=\"main\">\n<div class=\"main-inner\">\n<div class=\"row\">\n<div class=\"col-main col-xs-12 col-sm-9\">\n<div class=\"product-view\">\n<div class=\"product-essential\">\n<div class=\"row\">\n<div class=\"product-shop col-sm-7 col-md-87 col-sms-8 col-smb-12\">\n<div class=\"short-description\">\n<div class=\"std\">Materi\u0101ls &ndash; 50% akrils, 50% vilna,<br \/>XL izm\u0113rs<br \/>Kr\u0101sa &#8211; za\u013ca<\/div>\n<\/div>\n<\/div>\n<\/div>\n<\/div>\n<\/div>\n<\/div>\n<\/div>\n<\/div>\n<\/div>\n<\/div>\n<\/div>\n","protected":false},"excerpt":{"rendered":"<p>Materi\u0101ls &ndash; 50% akrils, 50% vilna,XL izm\u0113rsKr\u0101sa &#8211; za\u013ca<\/p>\n","protected":false},"featured_media":68886,"template":"","meta":[],"product_brand":[899],"product_cat":[4638],"product_tag":[],"class_list":{"0":"post-77993","1":"product","2":"type-product","3":"status-publish","4":"has-post-thumbnail","6":"product_brand-norfin","7":"product_cat-hats-masks-winter-clothes-recreation","9":"first","10":"instock","11":"sale","12":"shipping-taxable","13":"purchasable","14":"product-type-simple"},"_links":{"self":[{"href":"https:\/\/sezona.lv\/en\/wp-json\/wp\/v2\/product\/77993","targetHints":{"allow":["GET"]}}],"collection":[{"href":"https:\/\/sezona.lv\/en\/wp-json\/wp\/v2\/product"}],"about":[{"href":"https:\/\/sezona.lv\/en\/wp-json\/wp\/v2\/types\/product"}],"wp:featuredmedia":[{"embeddable":true,"href":"https:\/\/sezona.lv\/en\/wp-json\/wp\/v2\/media\/68886"}],"wp:attachment":[{"href":"https:\/\/sezona.lv\/en\/wp-json\/wp\/v2\/media?parent=77993"}],"wp:term":[{"taxonomy":"product_brand","embeddable":true,"href":"https:\/\/sezona.lv\/en\/wp-json\/wp\/v2\/product_brand?post=77993"},{"taxonomy":"product_cat","embeddable":true,"href":"https:\/\/sezona.lv\/en\/wp-json\/wp\/v2\/product_cat?post=77993"},{"taxonomy":"product_tag","embeddable":true,"href":"https:\/\/sezona.lv\/en\/wp-json\/wp\/v2\/product_tag?post=77993"}],"curies":[{"name":"wp","href":"https:\/\/api.w.org\/{rel}","templated":true}]}}