{"id":77997,"date":"2025-07-11T16:27:01","date_gmt":"2025-07-11T13:27:01","guid":{"rendered":"https:\/\/demo8.ecube.lv\/sezona.lv\/products\/duraini-veja-norfin-junior\/"},"modified":"2025-07-14T15:16:31","modified_gmt":"2025-07-14T12:16:31","slug":"duraini-veja-norfin-junior","status":"publish","type":"product","link":"https:\/\/sezona.lv\/en\/products\/duraini-veja-norfin-junior\/","title":{"rendered":"D\u016brai\u0146i v\u0113ja Norfin JUNIOR"},"content":{"rendered":"<p><span>Silti b\u0113rnu d\u016brai\u0146i ar v\u0113ju necaurlaid\u012bgu membr\u0101nu.<\/span><\/p>\n<p><span>Materi\u0101ls: 95%<\/span><strong>&nbsp;poliesters<\/strong><span>, 5%&nbsp;<\/span><strong>elast\u0101ns<\/strong><br \/><span>Odere: 100%&nbsp;<\/span><strong>poliesters<\/strong><\/p>\n","protected":false},"excerpt":{"rendered":"<p>Silti b\u0113rnu d\u016brai\u0146i ar v\u0113ju necaurlaid\u012bgu membr\u0101nu. Materi\u0101ls: 95%&nbsp;poliesters, 5%&nbsp;elast\u0101nsOdere: 100%&nbsp;poliesters<\/p>\n","protected":false},"featured_media":0,"template":"","meta":[],"product_brand":[899],"product_cat":[4619,4628],"product_tag":[],"class_list":{"0":"post-77997","1":"product","2":"type-product","3":"status-publish","5":"product_brand-norfin","6":"product_cat-winter-clothes-recreation","7":"product_cat-gloves-winter-clothes-recreation","9":"first","10":"instock","11":"shipping-taxable","12":"purchasable","13":"product-type-simple"},"_links":{"self":[{"href":"https:\/\/sezona.lv\/en\/wp-json\/wp\/v2\/product\/77997","targetHints":{"allow":["GET"]}}],"collection":[{"href":"https:\/\/sezona.lv\/en\/wp-json\/wp\/v2\/product"}],"about":[{"href":"https:\/\/sezona.lv\/en\/wp-json\/wp\/v2\/types\/product"}],"wp:attachment":[{"href":"https:\/\/sezona.lv\/en\/wp-json\/wp\/v2\/media?parent=77997"}],"wp:term":[{"taxonomy":"product_brand","embeddable":true,"href":"https:\/\/sezona.lv\/en\/wp-json\/wp\/v2\/product_brand?post=77997"},{"taxonomy":"product_cat","embeddable":true,"href":"https:\/\/sezona.lv\/en\/wp-json\/wp\/v2\/product_cat?post=77997"},{"taxonomy":"product_tag","embeddable":true,"href":"https:\/\/sezona.lv\/en\/wp-json\/wp\/v2\/product_tag?post=77997"}],"curies":[{"name":"wp","href":"https:\/\/api.w.org\/{rel}","templated":true}]}}