{"id":77998,"date":"2025-07-11T16:27:05","date_gmt":"2025-07-11T13:27:05","guid":{"rendered":"https:\/\/demo8.ecube.lv\/sezona.lv\/products\/wilson-federer-super-dna-soma-12-raketem\/"},"modified":"2025-07-14T15:16:31","modified_gmt":"2025-07-14T12:16:31","slug":"wilson-federer-super-dna-soma-12-raketem","status":"publish","type":"product","link":"https:\/\/sezona.lv\/en\/products\/wilson-federer-super-dna-soma-12-raketem\/","title":{"rendered":"Wilson FEDERER  SUPER DNA soma 12 raket\u0113m"},"content":{"rendered":"<p><span style=\"font-size: small\">Sporta soma 12 raket\u0113m no FEDERER SUPER DNA kolekcijas ar slaven\u0101 tenisista Rogera Federera autogr\u0101fu. Tr\u012bs lieli nodal\u012bjumi ekip\u0113jumam, divi no tiem ar Thermoguard 2.0 tehnolo\u0123iju, kas pal\u012bdz aizsarg\u0101t ekip\u0113jumu no mitruma iedarb\u012bbas un augstas temperat\u016bras. Divas &nbsp;regul\u0113jamas siksnas, divas lielas s\u0101nu kabatas.Vid\u0113j\u0101 nodal\u012bjum\u0101 vair\u0101kas nelielas kabatas aksesu\u0101riem. Izm\u0113rs: 74 x 44 x 34 cm. Komplekt\u0101 ietilpst, ce\u013cojumu spilventi\u0146&scaron;&nbsp;<\/span><\/p>\n","protected":false},"excerpt":{"rendered":"<p>Sporta soma 12 raket\u0113m no FEDERER SUPER DNA kolekcijas ar slaven\u0101 tenisista Rogera Federera autogr\u0101fu. Tr\u012bs lieli nodal\u012bjumi ekip\u0113jumam, divi no tiem ar Thermoguard 2.0 tehnolo\u0123iju, kas pal\u012bdz aizsarg\u0101t ekip\u0113jumu no mitruma iedarb\u012bbas un augstas temperat\u016bras. Divas &nbsp;regul\u0113jamas siksnas, divas lielas s\u0101nu kabatas.Vid\u0113j\u0101 nodal\u012bjum\u0101 vair\u0101kas nelielas kabatas aksesu\u0101riem. Izm\u0113rs: 74 x 44 x 34 cm. [&hellip;]<\/p>\n","protected":false},"featured_media":68901,"template":"","meta":[],"product_brand":[],"product_cat":[4602,4673,4777],"product_tag":[],"class_list":{"0":"post-77998","1":"product","2":"type-product","3":"status-publish","4":"has-post-thumbnail","6":"product_cat-summer-sports-sports","7":"product_cat-tennis-summer-sports-sports","8":"product_cat-tennis-racket-bags-tennis-summer-sports-sports","10":"first","11":"instock","12":"shipping-taxable","13":"purchasable","14":"product-type-simple"},"_links":{"self":[{"href":"https:\/\/sezona.lv\/en\/wp-json\/wp\/v2\/product\/77998","targetHints":{"allow":["GET"]}}],"collection":[{"href":"https:\/\/sezona.lv\/en\/wp-json\/wp\/v2\/product"}],"about":[{"href":"https:\/\/sezona.lv\/en\/wp-json\/wp\/v2\/types\/product"}],"wp:featuredmedia":[{"embeddable":true,"href":"https:\/\/sezona.lv\/en\/wp-json\/wp\/v2\/media\/68901"}],"wp:attachment":[{"href":"https:\/\/sezona.lv\/en\/wp-json\/wp\/v2\/media?parent=77998"}],"wp:term":[{"taxonomy":"product_brand","embeddable":true,"href":"https:\/\/sezona.lv\/en\/wp-json\/wp\/v2\/product_brand?post=77998"},{"taxonomy":"product_cat","embeddable":true,"href":"https:\/\/sezona.lv\/en\/wp-json\/wp\/v2\/product_cat?post=77998"},{"taxonomy":"product_tag","embeddable":true,"href":"https:\/\/sezona.lv\/en\/wp-json\/wp\/v2\/product_tag?post=77998"}],"curies":[{"name":"wp","href":"https:\/\/api.w.org\/{rel}","templated":true}]}}