{"id":78000,"date":"2025-07-11T16:27:08","date_gmt":"2025-07-11T13:27:08","guid":{"rendered":"https:\/\/demo8.ecube.lv\/sezona.lv\/products\/wilson-heritage-kolekcijas-soma-9-raketem\/"},"modified":"2025-07-14T15:16:33","modified_gmt":"2025-07-14T12:16:33","slug":"wilson-heritage-kolekcijas-soma-9-raketem","status":"publish","type":"product","link":"https:\/\/sezona.lv\/en\/products\/wilson-heritage-kolekcijas-soma-9-raketem\/","title":{"rendered":"Wilson HERITAGE kolekcijas soma 9 raket\u0113m"},"content":{"rendered":"<p>Sporta soma no WILSON HERITAGE kolekcijas ar 2 lieliem nodal\u012bjumiem sporta ekip\u0113jumam un s\u0101nu kabatu. Regul\u0113jama plecu siksna somas vid\u016b. Izm\u0113rs: 79 x 34 x 24cm&nbsp;<\/p>\n","protected":false},"excerpt":{"rendered":"<p>Sporta soma no WILSON HERITAGE kolekcijas ar 2 lieliem nodal\u012bjumiem sporta ekip\u0113jumam un s\u0101nu kabatu. Regul\u0113jama plecu siksna somas vid\u016b. Izm\u0113rs: 79 x 34 x 24cm&nbsp;<\/p>\n","protected":false},"featured_media":68904,"template":"","meta":[],"product_brand":[920],"product_cat":[4602,4673,4777],"product_tag":[],"class_list":{"0":"post-78000","1":"product","2":"type-product","3":"status-publish","4":"has-post-thumbnail","6":"product_brand-wilson","7":"product_cat-summer-sports-sports","8":"product_cat-tennis-summer-sports-sports","9":"product_cat-tennis-racket-bags-tennis-summer-sports-sports","11":"first","12":"instock","13":"shipping-taxable","14":"purchasable","15":"product-type-simple"},"_links":{"self":[{"href":"https:\/\/sezona.lv\/en\/wp-json\/wp\/v2\/product\/78000","targetHints":{"allow":["GET"]}}],"collection":[{"href":"https:\/\/sezona.lv\/en\/wp-json\/wp\/v2\/product"}],"about":[{"href":"https:\/\/sezona.lv\/en\/wp-json\/wp\/v2\/types\/product"}],"wp:featuredmedia":[{"embeddable":true,"href":"https:\/\/sezona.lv\/en\/wp-json\/wp\/v2\/media\/68904"}],"wp:attachment":[{"href":"https:\/\/sezona.lv\/en\/wp-json\/wp\/v2\/media?parent=78000"}],"wp:term":[{"taxonomy":"product_brand","embeddable":true,"href":"https:\/\/sezona.lv\/en\/wp-json\/wp\/v2\/product_brand?post=78000"},{"taxonomy":"product_cat","embeddable":true,"href":"https:\/\/sezona.lv\/en\/wp-json\/wp\/v2\/product_cat?post=78000"},{"taxonomy":"product_tag","embeddable":true,"href":"https:\/\/sezona.lv\/en\/wp-json\/wp\/v2\/product_tag?post=78000"}],"curies":[{"name":"wp","href":"https:\/\/api.w.org\/{rel}","templated":true}]}}