{"id":78001,"date":"2025-07-11T16:27:10","date_gmt":"2025-07-11T13:27:10","guid":{"rendered":"https:\/\/demo8.ecube.lv\/sezona.lv\/products\/wilson-federer-elite-soma-12-raketem\/"},"modified":"2025-07-14T15:16:35","modified_gmt":"2025-07-14T12:16:35","slug":"wilson-federer-elite-soma-12-raketem","status":"publish","type":"product","link":"https:\/\/sezona.lv\/en\/products\/wilson-federer-elite-soma-12-raketem\/","title":{"rendered":"Wilson FEDERER ELITE soma 12 raket\u0113m"},"content":{"rendered":"<p>Sporta soma 12 raket\u0113m no FEDERER ELITE kolekcijas ar slaven\u0101 tenisista Rogera Federera autogr\u0101fu. Divi lieli nodal\u012bjumi ar climate-protection \u012bpa&scaron;\u012bbu ( THERMOGUARD 2.0 tehnolo\u0123ija ) , divas polster\u0113tas regul\u0113jamas siksnas, divas lielas s\u0101nu kabatas un atsevi&scaron;\u0137s nodal\u012bjums apaviem. Izm\u0113rs: 70 x 42 x 34 cm<\/p>\n","protected":false},"excerpt":{"rendered":"<p>Sporta soma 12 raket\u0113m no FEDERER ELITE kolekcijas ar slaven\u0101 tenisista Rogera Federera autogr\u0101fu. Divi lieli nodal\u012bjumi ar climate-protection \u012bpa&scaron;\u012bbu ( THERMOGUARD 2.0 tehnolo\u0123ija ) , divas polster\u0113tas regul\u0113jamas siksnas, divas lielas s\u0101nu kabatas un atsevi&scaron;\u0137s nodal\u012bjums apaviem. Izm\u0113rs: 70 x 42 x 34 cm<\/p>\n","protected":false},"featured_media":68907,"template":"","meta":[],"product_brand":[920],"product_cat":[4602,4673,4777],"product_tag":[],"class_list":{"0":"post-78001","1":"product","2":"type-product","3":"status-publish","4":"has-post-thumbnail","6":"product_brand-wilson","7":"product_cat-summer-sports-sports","8":"product_cat-tennis-summer-sports-sports","9":"product_cat-tennis-racket-bags-tennis-summer-sports-sports","11":"first","12":"instock","13":"shipping-taxable","14":"purchasable","15":"product-type-simple"},"_links":{"self":[{"href":"https:\/\/sezona.lv\/en\/wp-json\/wp\/v2\/product\/78001","targetHints":{"allow":["GET"]}}],"collection":[{"href":"https:\/\/sezona.lv\/en\/wp-json\/wp\/v2\/product"}],"about":[{"href":"https:\/\/sezona.lv\/en\/wp-json\/wp\/v2\/types\/product"}],"wp:featuredmedia":[{"embeddable":true,"href":"https:\/\/sezona.lv\/en\/wp-json\/wp\/v2\/media\/68907"}],"wp:attachment":[{"href":"https:\/\/sezona.lv\/en\/wp-json\/wp\/v2\/media?parent=78001"}],"wp:term":[{"taxonomy":"product_brand","embeddable":true,"href":"https:\/\/sezona.lv\/en\/wp-json\/wp\/v2\/product_brand?post=78001"},{"taxonomy":"product_cat","embeddable":true,"href":"https:\/\/sezona.lv\/en\/wp-json\/wp\/v2\/product_cat?post=78001"},{"taxonomy":"product_tag","embeddable":true,"href":"https:\/\/sezona.lv\/en\/wp-json\/wp\/v2\/product_tag?post=78001"}],"curies":[{"name":"wp","href":"https:\/\/api.w.org\/{rel}","templated":true}]}}