{"id":78002,"date":"2025-07-14T15:16:36","date_gmt":"2025-07-14T12:16:36","guid":{"rendered":"https:\/\/demo8.ecube.lv\/sezona.lv\/products\/wilson-tour-black-kolekcijas-soma-9-raketem\/"},"modified":"2025-07-14T15:16:36","modified_gmt":"2025-07-14T12:16:36","slug":"wilson-tour-black-kolekcijas-soma-9-raketem","status":"publish","type":"product","link":"https:\/\/sezona.lv\/en\/products\/wilson-tour-black-kolekcijas-soma-9-raketem\/","title":{"rendered":"Wilson TOUR BLACK kolekcijas soma 9 raket\u0113m"},"content":{"rendered":"<p>Sporta soma 9 raket\u0113m no WILSON TOUR BLACK kolekcijas. 2 lieli nodal\u012bjumi &nbsp;ar Thermoguard 2.0 tehnolo\u0123iju, kura pal\u012bdz aizsarg\u0101t ekip\u0113jumu no temperat\u016bras sv\u0101rst\u012bb\u0101m un mitruma ) , pusciets somas karkass, s\u0101nu kabatas, no kur\u0101m viena paredz\u0113ta apaviem. Divas polster\u0113tas regul\u0113jamas siksnas. Izm\u0113rs: 76 x 30.5 x 33 cm<\/p>\n","protected":false},"excerpt":{"rendered":"<p>Sporta soma 9 raket\u0113m no WILSON TOUR BLACK kolekcijas. 2 lieli nodal\u012bjumi &nbsp;ar Thermoguard 2.0 tehnolo\u0123iju, kura pal\u012bdz aizsarg\u0101t ekip\u0113jumu no temperat\u016bras sv\u0101rst\u012bb\u0101m un mitruma ) , pusciets somas karkass, s\u0101nu kabatas, no kur\u0101m viena paredz\u0113ta apaviem. Divas polster\u0113tas regul\u0113jamas siksnas. Izm\u0113rs: 76 x 30.5 x 33 cm<\/p>\n","protected":false},"featured_media":0,"template":"","meta":[],"product_brand":[920],"product_cat":[4587,4602,4673,4777],"product_tag":[],"class_list":{"0":"post-78002","1":"product","2":"type-product","3":"status-publish","5":"product_brand-wilson","6":"product_cat-sports","7":"product_cat-summer-sports-sports","8":"product_cat-tennis-summer-sports-sports","9":"product_cat-tennis-racket-bags-tennis-summer-sports-sports","11":"first","12":"instock","13":"shipping-taxable","14":"purchasable","15":"product-type-simple"},"_links":{"self":[{"href":"https:\/\/sezona.lv\/en\/wp-json\/wp\/v2\/product\/78002","targetHints":{"allow":["GET"]}}],"collection":[{"href":"https:\/\/sezona.lv\/en\/wp-json\/wp\/v2\/product"}],"about":[{"href":"https:\/\/sezona.lv\/en\/wp-json\/wp\/v2\/types\/product"}],"wp:attachment":[{"href":"https:\/\/sezona.lv\/en\/wp-json\/wp\/v2\/media?parent=78002"}],"wp:term":[{"taxonomy":"product_brand","embeddable":true,"href":"https:\/\/sezona.lv\/en\/wp-json\/wp\/v2\/product_brand?post=78002"},{"taxonomy":"product_cat","embeddable":true,"href":"https:\/\/sezona.lv\/en\/wp-json\/wp\/v2\/product_cat?post=78002"},{"taxonomy":"product_tag","embeddable":true,"href":"https:\/\/sezona.lv\/en\/wp-json\/wp\/v2\/product_tag?post=78002"}],"curies":[{"name":"wp","href":"https:\/\/api.w.org\/{rel}","templated":true}]}}