{"id":78003,"date":"2025-07-11T16:27:12","date_gmt":"2025-07-11T13:27:12","guid":{"rendered":"https:\/\/demo8.ecube.lv\/sezona.lv\/products\/wilson-women-s-kolekcijas-sporta-soma\/"},"modified":"2025-07-14T15:16:37","modified_gmt":"2025-07-14T12:16:37","slug":"wilson-women-s-kolekcijas-sporta-soma","status":"publish","type":"product","link":"https:\/\/sezona.lv\/en\/products\/wilson-women-s-kolekcijas-sporta-soma\/","title":{"rendered":"Wilson WOMEN&#8217;S kolekcijas  sporta soma"},"content":{"rendered":"<p>Sporta soma sieviet\u0113m no WILSON WOMEN&#8217;S kolekcijas. Viens liels nodal\u012bjums ekip\u0113jumam un somas s\u0101nos divas nelielas kabatas aksesu\u0101riem. &nbsp;Izm\u0113rs: 35x 41x &nbsp;19cm&nbsp;<\/p>\n","protected":false},"excerpt":{"rendered":"<p>Sporta soma sieviet\u0113m no WILSON WOMEN&#8217;S kolekcijas. Viens liels nodal\u012bjums ekip\u0113jumam un somas s\u0101nos divas nelielas kabatas aksesu\u0101riem. &nbsp;Izm\u0113rs: 35x 41x &nbsp;19cm&nbsp;<\/p>\n","protected":false},"featured_media":68910,"template":"","meta":[],"product_brand":[920],"product_cat":[4602,4673,4777],"product_tag":[],"class_list":{"0":"post-78003","1":"product","2":"type-product","3":"status-publish","4":"has-post-thumbnail","6":"product_brand-wilson","7":"product_cat-summer-sports-sports","8":"product_cat-tennis-summer-sports-sports","9":"product_cat-tennis-racket-bags-tennis-summer-sports-sports","11":"first","12":"instock","13":"shipping-taxable","14":"purchasable","15":"product-type-simple"},"_links":{"self":[{"href":"https:\/\/sezona.lv\/en\/wp-json\/wp\/v2\/product\/78003","targetHints":{"allow":["GET"]}}],"collection":[{"href":"https:\/\/sezona.lv\/en\/wp-json\/wp\/v2\/product"}],"about":[{"href":"https:\/\/sezona.lv\/en\/wp-json\/wp\/v2\/types\/product"}],"wp:featuredmedia":[{"embeddable":true,"href":"https:\/\/sezona.lv\/en\/wp-json\/wp\/v2\/media\/68910"}],"wp:attachment":[{"href":"https:\/\/sezona.lv\/en\/wp-json\/wp\/v2\/media?parent=78003"}],"wp:term":[{"taxonomy":"product_brand","embeddable":true,"href":"https:\/\/sezona.lv\/en\/wp-json\/wp\/v2\/product_brand?post=78003"},{"taxonomy":"product_cat","embeddable":true,"href":"https:\/\/sezona.lv\/en\/wp-json\/wp\/v2\/product_cat?post=78003"},{"taxonomy":"product_tag","embeddable":true,"href":"https:\/\/sezona.lv\/en\/wp-json\/wp\/v2\/product_tag?post=78003"}],"curies":[{"name":"wp","href":"https:\/\/api.w.org\/{rel}","templated":true}]}}