{"id":78004,"date":"2025-07-11T16:27:13","date_gmt":"2025-07-11T13:27:13","guid":{"rendered":"https:\/\/demo8.ecube.lv\/sezona.lv\/products\/ledusurbis-tonar-lr-80sd\/"},"modified":"2025-07-14T15:16:38","modified_gmt":"2025-07-14T12:16:38","slug":"ledusurbis-tonar-lr-80sd","status":"publish","type":"product","link":"https:\/\/sezona.lv\/en\/products\/ledusurbis-tonar-lr-80sd\/","title":{"rendered":"Ledusurbis Tonar LR 80SD"},"content":{"rendered":"<p>Klasisks ledusurbis LR-80SD ar pagarin\u0101tu v\u012btni. Urb&scaron;anas diametrs 80mm, dzi\u013cums 1m. Lai   palielin\u0101tu dzi\u013cumu, nepiecie&scaron;ams&nbsp;papildus ieg\u0101d\u0101ties roktura   pagarin\u0101t\u0101ju. Svars: 2,2 kg. Grieziena virziens &nbsp;kreisais ( pret\u0113ji   pulkste\u0146a r\u0101d\u012bt\u0101ju virzienam). Aug&scaron;\u0113jais rokturis sakr\u012bt ar ledusurbja   asi. Salikt\u0101 veid\u0101 ledusurbis \u0113rts transport\u0113&scaron;anai. Klasiskais ,   univers\u0101lais ledusurbis noder\u012bgs jebkuros mak&scaron;\u0137er\u0113&scaron;anas apst\u0101k\u013cos. Liels   urb&scaron;anas \u0101trums, pielietojot minim\u0101las p\u016bles , iztur\u012bgs un dro&scaron;s.<\/p>\n","protected":false},"excerpt":{"rendered":"<p>Klasisks ledusurbis LR-80SD ar pagarin\u0101tu v\u012btni. Urb&scaron;anas diametrs 80mm, dzi\u013cums 1m. Lai palielin\u0101tu dzi\u013cumu, nepiecie&scaron;ams&nbsp;papildus ieg\u0101d\u0101ties roktura pagarin\u0101t\u0101ju. Svars: 2,2 kg. Grieziena virziens &nbsp;kreisais ( pret\u0113ji pulkste\u0146a r\u0101d\u012bt\u0101ju virzienam). Aug&scaron;\u0113jais rokturis sakr\u012bt ar ledusurbja asi. Salikt\u0101 veid\u0101 ledusurbis \u0113rts transport\u0113&scaron;anai. Klasiskais , univers\u0101lais ledusurbis noder\u012bgs jebkuros mak&scaron;\u0137er\u0113&scaron;anas apst\u0101k\u013cos. Liels urb&scaron;anas \u0101trums, pielietojot minim\u0101las p\u016bles , [&hellip;]<\/p>\n","protected":false},"featured_media":107311,"template":"","meta":[],"product_brand":[],"product_cat":[4613],"product_tag":[],"class_list":{"0":"post-78004","1":"product","2":"type-product","3":"status-publish","4":"has-post-thumbnail","6":"product_cat-ice-drills-and-accessories-winter-fishing-equipment-recreation","8":"first","9":"instock","10":"sale","11":"shipping-taxable","12":"purchasable","13":"product-type-simple"},"_links":{"self":[{"href":"https:\/\/sezona.lv\/en\/wp-json\/wp\/v2\/product\/78004","targetHints":{"allow":["GET"]}}],"collection":[{"href":"https:\/\/sezona.lv\/en\/wp-json\/wp\/v2\/product"}],"about":[{"href":"https:\/\/sezona.lv\/en\/wp-json\/wp\/v2\/types\/product"}],"wp:featuredmedia":[{"embeddable":true,"href":"https:\/\/sezona.lv\/en\/wp-json\/wp\/v2\/media\/107311"}],"wp:attachment":[{"href":"https:\/\/sezona.lv\/en\/wp-json\/wp\/v2\/media?parent=78004"}],"wp:term":[{"taxonomy":"product_brand","embeddable":true,"href":"https:\/\/sezona.lv\/en\/wp-json\/wp\/v2\/product_brand?post=78004"},{"taxonomy":"product_cat","embeddable":true,"href":"https:\/\/sezona.lv\/en\/wp-json\/wp\/v2\/product_cat?post=78004"},{"taxonomy":"product_tag","embeddable":true,"href":"https:\/\/sezona.lv\/en\/wp-json\/wp\/v2\/product_tag?post=78004"}],"curies":[{"name":"wp","href":"https:\/\/api.w.org\/{rel}","templated":true}]}}