{"id":78009,"date":"2025-07-14T15:16:42","date_gmt":"2025-07-14T12:16:42","guid":{"rendered":"https:\/\/demo8.ecube.lv\/sezona.lv\/products\/makskernieku-ragavas-909-00002\/"},"modified":"2025-07-14T15:16:42","modified_gmt":"2025-07-14T12:16:42","slug":"makskernieku-ragavas-909-00002","status":"publish","type":"product","link":"https:\/\/sezona.lv\/en\/products\/makskernieku-ragavas-909-00002\/","title":{"rendered":"Mak\u0161\u0137ernieku ragavas 909-00002"},"content":{"rendered":"<p>Mak&scaron;\u0137ernieku ziemas ragavas 909-00002.<\/p>\n<p>Ragavas no aukstumiztur\u012bgas plastmasas.<\/p>\n<p>Izm\u0113rs: 840 x 430 x 250 mm.<\/p>\n","protected":false},"excerpt":{"rendered":"<p>Mak&scaron;\u0137ernieku ziemas ragavas 909-00002. Ragavas no aukstumiztur\u012bgas plastmasas. Izm\u0113rs: 840 x 430 x 250 mm.<\/p>\n","protected":false},"featured_media":0,"template":"","meta":[],"product_brand":[894],"product_cat":[4585,4612,4640],"product_tag":[],"class_list":{"0":"post-78009","1":"product","2":"type-product","3":"status-publish","5":"product_brand-salmo","6":"product_cat-winter-fishing-equipment-recreation","7":"product_cat-winter-boxes-chairs-sledge-winter-fishing-equipment-recreation","8":"product_cat-recreation","10":"first","11":"instock","12":"shipping-taxable","13":"purchasable","14":"product-type-simple"},"_links":{"self":[{"href":"https:\/\/sezona.lv\/en\/wp-json\/wp\/v2\/product\/78009","targetHints":{"allow":["GET"]}}],"collection":[{"href":"https:\/\/sezona.lv\/en\/wp-json\/wp\/v2\/product"}],"about":[{"href":"https:\/\/sezona.lv\/en\/wp-json\/wp\/v2\/types\/product"}],"wp:attachment":[{"href":"https:\/\/sezona.lv\/en\/wp-json\/wp\/v2\/media?parent=78009"}],"wp:term":[{"taxonomy":"product_brand","embeddable":true,"href":"https:\/\/sezona.lv\/en\/wp-json\/wp\/v2\/product_brand?post=78009"},{"taxonomy":"product_cat","embeddable":true,"href":"https:\/\/sezona.lv\/en\/wp-json\/wp\/v2\/product_cat?post=78009"},{"taxonomy":"product_tag","embeddable":true,"href":"https:\/\/sezona.lv\/en\/wp-json\/wp\/v2\/product_tag?post=78009"}],"curies":[{"name":"wp","href":"https:\/\/api.w.org\/{rel}","templated":true}]}}