{"id":78011,"date":"2025-07-14T15:16:44","date_gmt":"2025-07-14T12:16:44","guid":{"rendered":"https:\/\/demo8.ecube.lv\/sezona.lv\/products\/mil-tec-mugursoma-us-assault-pack-l\/"},"modified":"2025-07-14T15:16:44","modified_gmt":"2025-07-14T12:16:44","slug":"mil-tec-mugursoma-us-assault-pack-l","status":"publish","type":"product","link":"https:\/\/sezona.lv\/en\/products\/mil-tec-mugursoma-us-assault-pack-l\/","title":{"rendered":"Mil Tec mugursoma US ASSAULT PACK L"},"content":{"rendered":"<p>Mugursoma ir paredz\u0113ta, lai iztur\u0113tu  lielu noslodzi, t\u0101p\u0113c t\u0101 b\u016bs lieliski piem\u0113rota ne tikai ikdienas  n\u0113s\u0101&scaron;anai, bet ar\u012b dodoties p\u0101rg\u0101jienos. T\u0101 ir nostr\u0101d\u0101ta t\u0101, lai jums  neb\u016btu j\u0101satraucas par p\u0113k&scaron;\u0146iem nokri&scaron;\u0146iem, jo mugursoma ir izgatavota  no mitrumiztur\u012bga materi\u0101la. Somas kop\u0113jais tilpums ir aptuveni 36  litri, papildus lielajam nodal\u012bjumam ir v\u0113l divi, kas ir nedaudz maz\u0101ki.  Iek&scaron;kabatas ir nodal\u012btas ar t\u012bkla materi\u0101lu, kas &scaron;\u0101da veida som\u0101m ir  \u013coti funkcion\u0101li. Mugusomas priek&scaron;pus\u0113 atrodas divas maz\u0101kas kabati\u0146as;  vien\u0101 ir speci\u0101li nodal\u012bjumi rakst\u0101mliet\u0101m, k\u0101 ar\u012b speci\u0101la kabata ar <em>Velcro<\/em> aizdari, kur ievietot \u016bdensmaisu. Visas kabatas ir aizveramas ar iztur\u012bgu divvirzienu r\u0101v\u0113jsl\u0113dz\u0113ju.<\/p>\n<p style=\"text-align: justify\">Plecu lences ir polster\u0113tas un 5cm  platas, t\u0101m ir ergonomisks dizains un piel\u0101gojams garums, kas atvieglo  t\u0101s n\u0113s\u0101&scaron;anu. Visa mugursomas aizmugure ir polster\u0113ta. Papildus komfortu  skrie&scaron;anas laik\u0101 dod papildu lences, kas apliekamas ap vidukli. Ar\u012b t\u0101m  ir piel\u0101gojams garums un atv\u0113r&scaron;anas\/aizv\u0113r&scaron;anas princips ir balst\u012bts uz  &ldquo;<em>clip<\/em>&rdquo; stiprin\u0101jumu.<\/p>\n<p style=\"text-align: justify\">Papildus funkcionalit\u0101ti somai dod  speci\u0101las lences s\u0101nos, ar kuru pal\u012bdz\u012bbu varat regul\u0113t t\u0101s platumu.  Soma ir no&scaron;\u016bta ar &ldquo;MOLLE&rdquo; sist\u0113mas lent\u0113m, k\u0101 tas ir kaujas modul\u0101r\u0101s  sist\u0113mas uzkab\u0113m, t\u0101d\u0113j\u0101di dodot iesp\u0113ju pievienot papildu somi\u0146as un  citus priek&scaron;metus. Uz plecu lenc\u0113m pievienotajos D tipa gredzenos ir  iesp\u0113jams pievienot papildelementus.<\/p>\n<p><strong>Specifik\u0101cija:<\/strong><\/p>\n<ul>\n<li>2 atsevi&scaron;\u0137i nodal\u012bjumi<\/li>\n<li>2 priek&scaron;kabatas<\/li>\n<li>Divvirzienu r\u0101v\u0113jsl\u0113dz\u0113ji<\/li>\n<li>Nodal\u012bjums hidromaisam<\/li>\n<li>Piel\u0101gojamas un polster\u0113tas plecu lences<\/li>\n<li>Polster\u0113ta mugurpuse<\/li>\n<li>Plata un piel\u0101gojama&nbsp;viduk\u013ca lence<\/li>\n<li>S\u0101nos lences tilpuma&nbsp;regul\u0113&scaron;anai<\/li>\n<li>Da\u017e\u0101di MOLLE tipa stiprin\u0101jumu punkti<\/li>\n<li>D-tipa gredzeni uz pleca lenc\u0113m<\/li>\n<li>Rokturis somas aug&scaron;pus\u0113<\/li>\n<li>Materi\u0101ls&nbsp;: 600D&nbsp;poliesters\/ PVC p\u0101rkl\u0101jums iek&scaron;pus\u0113<\/li>\n<li>Izm\u0113rs (aptuveni): 51&nbsp; x 29 x 28<\/li>\n<li>Ietilp\u012bba: 36 l<\/li>\n<li>Svars: 1450 g<\/li>\n<li>Mitrumiztur\u012bga<\/li>\n<\/ul>\n","protected":false},"excerpt":{"rendered":"<p>Mugursoma ir paredz\u0113ta, lai iztur\u0113tu lielu noslodzi, t\u0101p\u0113c t\u0101 b\u016bs lieliski piem\u0113rota ne tikai ikdienas n\u0113s\u0101&scaron;anai, bet ar\u012b dodoties p\u0101rg\u0101jienos. T\u0101 ir nostr\u0101d\u0101ta t\u0101, lai jums neb\u016btu j\u0101satraucas par p\u0113k&scaron;\u0146iem nokri&scaron;\u0146iem, jo mugursoma ir izgatavota no mitrumiztur\u012bga materi\u0101la. Somas kop\u0113jais tilpums ir aptuveni 36 litri, papildus lielajam nodal\u012bjumam ir v\u0113l divi, kas ir nedaudz maz\u0101ki. [&hellip;]<\/p>\n","protected":false},"featured_media":0,"template":"","meta":[],"product_brand":[],"product_cat":[4558,4570,4640,4991],"product_tag":[],"class_list":{"0":"post-78011","1":"product","2":"type-product","3":"status-publish","5":"product_cat-for-tourism-recreation","6":"product_cat-backpacks-for-tourism-recreation","7":"product_cat-recreation","8":"product_cat-military-bags-backpacks-for-tourism-recreation","10":"first","11":"instock","12":"shipping-taxable","13":"product-type-simple"},"_links":{"self":[{"href":"https:\/\/sezona.lv\/en\/wp-json\/wp\/v2\/product\/78011","targetHints":{"allow":["GET"]}}],"collection":[{"href":"https:\/\/sezona.lv\/en\/wp-json\/wp\/v2\/product"}],"about":[{"href":"https:\/\/sezona.lv\/en\/wp-json\/wp\/v2\/types\/product"}],"wp:attachment":[{"href":"https:\/\/sezona.lv\/en\/wp-json\/wp\/v2\/media?parent=78011"}],"wp:term":[{"taxonomy":"product_brand","embeddable":true,"href":"https:\/\/sezona.lv\/en\/wp-json\/wp\/v2\/product_brand?post=78011"},{"taxonomy":"product_cat","embeddable":true,"href":"https:\/\/sezona.lv\/en\/wp-json\/wp\/v2\/product_cat?post=78011"},{"taxonomy":"product_tag","embeddable":true,"href":"https:\/\/sezona.lv\/en\/wp-json\/wp\/v2\/product_tag?post=78011"}],"curies":[{"name":"wp","href":"https:\/\/api.w.org\/{rel}","templated":true}]}}