{"id":78012,"date":"2025-07-11T16:27:25","date_gmt":"2025-07-11T13:27:25","guid":{"rendered":"https:\/\/demo8.ecube.lv\/sezona.lv\/products\/mil-tec-dzersanas-sistema-14538005\/"},"modified":"2025-07-14T15:16:46","modified_gmt":"2025-07-14T12:16:46","slug":"mil-tec-dzersanas-sistema-14538005","status":"publish","type":"product","link":"https:\/\/sezona.lv\/en\/products\/mil-tec-dzersanas-sistema-14538005\/","title":{"rendered":"Mil Tec dzer\u0161anas sist\u0113ma 14538005"},"content":{"rendered":"<p>Mil-Tec dzer&scaron;anas sist\u0113ma.<\/p>\n<p>&nbsp;<\/p>\n<p><strong>Specifik\u0101cija:<\/strong><\/p>\n<ul>\n<li>Piel\u0101gojamas plecu lences<\/li>\n<li>Polster\u0113ta mugurpuse<\/li>\n<li>Piel\u0101gojama&nbsp;viduk\u013ca lence<\/li>\n<li>D-tipa gredzeni somas s\u0101nos<\/li>\n<li>Rokturis somas aug&scaron;pus\u0113<\/li>\n<li>Materi\u0101ls&nbsp;: 600D&nbsp;poliesters\/ PVC p\u0101rkl\u0101jums iek&scaron;pus\u0113<\/li>\n<li>Izm\u0113rs (aptuveni): 47 x 22 x 4 cm<\/li>\n<li>Ietilp\u012bba: 3l<\/li>\n<li>Svars: 620g<\/li>\n<li>Mitrumiztur\u012bga<\/li>\n<\/ul>\n","protected":false},"excerpt":{"rendered":"<p>Mil-Tec dzer&scaron;anas sist\u0113ma. &nbsp; Specifik\u0101cija: Piel\u0101gojamas plecu lences Polster\u0113ta mugurpuse Piel\u0101gojama&nbsp;viduk\u013ca lence D-tipa gredzeni somas s\u0101nos Rokturis somas aug&scaron;pus\u0113 Materi\u0101ls&nbsp;: 600D&nbsp;poliesters\/ PVC p\u0101rkl\u0101jums iek&scaron;pus\u0113 Izm\u0113rs (aptuveni): 47 x 22 x 4 cm Ietilp\u012bba: 3l Svars: 620g Mitrumiztur\u012bga<\/p>\n","protected":false},"featured_media":68937,"template":"","meta":[],"product_brand":[],"product_cat":[4558,4570,4991],"product_tag":[],"class_list":{"0":"post-78012","1":"product","2":"type-product","3":"status-publish","4":"has-post-thumbnail","6":"product_cat-for-tourism-recreation","7":"product_cat-backpacks-for-tourism-recreation","8":"product_cat-military-bags-backpacks-for-tourism-recreation","10":"first","11":"instock","12":"sale","13":"shipping-taxable","14":"purchasable","15":"product-type-simple"},"_links":{"self":[{"href":"https:\/\/sezona.lv\/en\/wp-json\/wp\/v2\/product\/78012","targetHints":{"allow":["GET"]}}],"collection":[{"href":"https:\/\/sezona.lv\/en\/wp-json\/wp\/v2\/product"}],"about":[{"href":"https:\/\/sezona.lv\/en\/wp-json\/wp\/v2\/types\/product"}],"wp:featuredmedia":[{"embeddable":true,"href":"https:\/\/sezona.lv\/en\/wp-json\/wp\/v2\/media\/68937"}],"wp:attachment":[{"href":"https:\/\/sezona.lv\/en\/wp-json\/wp\/v2\/media?parent=78012"}],"wp:term":[{"taxonomy":"product_brand","embeddable":true,"href":"https:\/\/sezona.lv\/en\/wp-json\/wp\/v2\/product_brand?post=78012"},{"taxonomy":"product_cat","embeddable":true,"href":"https:\/\/sezona.lv\/en\/wp-json\/wp\/v2\/product_cat?post=78012"},{"taxonomy":"product_tag","embeddable":true,"href":"https:\/\/sezona.lv\/en\/wp-json\/wp\/v2\/product_tag?post=78012"}],"curies":[{"name":"wp","href":"https:\/\/api.w.org\/{rel}","templated":true}]}}