{"id":78013,"date":"2025-07-11T16:27:26","date_gmt":"2025-07-11T13:27:26","guid":{"rendered":"https:\/\/demo8.ecube.lv\/sezona.lv\/products\/aizsargapvalks-naziem-spiralen-ice-easy-125mm\/"},"modified":"2025-07-14T15:16:47","modified_gmt":"2025-07-14T12:16:47","slug":"aizsargapvalks-naziem-spiralen-ice-easy-125mm","status":"publish","type":"product","link":"https:\/\/sezona.lv\/en\/products\/aizsargapvalks-naziem-spiralen-ice-easy-125mm\/","title":{"rendered":"Aizsargapvalks na\u017eiem Spiralen Ice Easy 125mm"},"content":{"rendered":"<p>Aizsargapvalks na\u017eiem Spiralen Ice Easy 125mm.<\/p>\n<p>Paredz\u0113ts taisn\u0101 tipa na\u017eiem.<\/p>\n<p>Platums: 125mm<\/p>\n","protected":false},"excerpt":{"rendered":"<p>Aizsargapvalks na\u017eiem Spiralen Ice Easy 125mm. Paredz\u0113ts taisn\u0101 tipa na\u017eiem. Platums: 125mm<\/p>\n","protected":false},"featured_media":68940,"template":"","meta":[],"product_brand":[901],"product_cat":[4585,4613],"product_tag":[],"class_list":{"0":"post-78013","1":"product","2":"type-product","3":"status-publish","4":"has-post-thumbnail","6":"product_brand-mora","7":"product_cat-winter-fishing-equipment-recreation","8":"product_cat-ice-drills-and-accessories-winter-fishing-equipment-recreation","10":"first","11":"instock","12":"shipping-taxable","13":"purchasable","14":"product-type-simple"},"_links":{"self":[{"href":"https:\/\/sezona.lv\/en\/wp-json\/wp\/v2\/product\/78013","targetHints":{"allow":["GET"]}}],"collection":[{"href":"https:\/\/sezona.lv\/en\/wp-json\/wp\/v2\/product"}],"about":[{"href":"https:\/\/sezona.lv\/en\/wp-json\/wp\/v2\/types\/product"}],"wp:featuredmedia":[{"embeddable":true,"href":"https:\/\/sezona.lv\/en\/wp-json\/wp\/v2\/media\/68940"}],"wp:attachment":[{"href":"https:\/\/sezona.lv\/en\/wp-json\/wp\/v2\/media?parent=78013"}],"wp:term":[{"taxonomy":"product_brand","embeddable":true,"href":"https:\/\/sezona.lv\/en\/wp-json\/wp\/v2\/product_brand?post=78013"},{"taxonomy":"product_cat","embeddable":true,"href":"https:\/\/sezona.lv\/en\/wp-json\/wp\/v2\/product_cat?post=78013"},{"taxonomy":"product_tag","embeddable":true,"href":"https:\/\/sezona.lv\/en\/wp-json\/wp\/v2\/product_tag?post=78013"}],"curies":[{"name":"wp","href":"https:\/\/api.w.org\/{rel}","templated":true}]}}