{"id":78015,"date":"2025-07-14T15:16:50","date_gmt":"2025-07-14T12:16:50","guid":{"rendered":"https:\/\/demo8.ecube.lv\/sezona.lv\/products\/ziemas-kostims-alaskan-russian-mission\/"},"modified":"2025-07-14T15:16:50","modified_gmt":"2025-07-14T12:16:50","slug":"ziemas-kostims-alaskan-russian-mission","status":"publish","type":"product","link":"https:\/\/sezona.lv\/en\/products\/ziemas-kostims-alaskan-russian-mission\/","title":{"rendered":"Ziemas kost\u012bms Alaskan Russian Mission"},"content":{"rendered":"<p>Silts ziemas kost\u012bms kas paredz\u0113ts lieto&scaron;anai l\u012bdz -30\u0421.<\/p>\n<p>JAKA:<\/p>\n<ul>\n<li>L\u012bm\u0113t\u0101s &scaron;uves<\/li>\n<li>YKK r\u0101v\u0113jsl\u0113dz\u0113ji<\/li>\n<li><span><span class=\"hps\">Savelkama jostas vieta<\/span><\/span><\/li>\n<li><span>Savelkama apak&scaron;da\u013ca<\/span><\/li>\n<li><span><span class=\"hps\">\u0112rtas<\/span> <span class=\"hps\">kabatas<\/span> <span class=\"hps\">iek&scaron;\u0101<\/span> <span class=\"hps\">un \u0101r\u0101<\/span><\/span><\/li>\n<li><span><span class=\"hps\">Divas<\/span> <span class=\"hps\">\u0101r\u0113jas kabatas<\/span> <span class=\"hps\">ar r\u0101v\u0113jsl\u0113dz\u0113jiem<\/span><\/span><\/li>\n<li><span><span class=\"hps\">Silta<\/span><span class=\"hps\"> kabata mobilajam telefonam<\/span><\/span><\/li>\n<li><span><span class=\"hps\">Elast\u012bgas<\/span> <span class=\"hps\">man&scaron;etes<\/span><\/span><\/li>\n<li><span><span class=\"hps\">Regul\u0113jamas<\/span> <span class=\"hps\">\u0101r\u0113j\u0101s<\/span> man&scaron;etes<\/span><\/li>\n<li><span>S<span class=\"hps\">tiprin\u0101ts<\/span> <span class=\"hps\">materi\u0101ls<\/span> <span class=\"hps\">uz pleciem<\/span><\/span><\/li>\n<li><span><span class=\"hps\">Atstarojo&scaron;i elementi<\/span><\/span><\/li>\n<\/ul>\n<p>PUSKOMBINEZONS:<\/p>\n<ul>\n<li>Regul\u0113jamas lences<\/li>\n<li>Kr\u016b&scaron;u kabata<\/li>\n<li><span><span class=\"hps\">Divas \u0101r\u0113jas<\/span> <span class=\"hps\">kabatas ar<\/span> <span class=\"hps\">r\u0101v\u0113jsl\u0113dz\u0113jiem<\/span><\/span><\/li>\n<li><span><span class=\"hps\">Divas uzliktas kabatas<\/span><\/span><\/li>\n<li>Puskombinezons ar siltu oder\u0113jumu<\/li>\n<li>Stiprin\u0101ts materi\u0101ls uz ce\u013ciem un aizmugur\u0113<\/li>\n<\/ul>\n<p>Materi\u0101ls: <strong>NORTEX BREATHHABLE<\/strong><\/p>\n<p>Mitrumiztur\u012bba: 5 000 mm<\/p>\n<p>Elpotsp\u0113ja: 5 000 g\/m&sup2;\/24h<\/p>\n<p>Siltin\u0101jums: <strong>HOLLOFIL<\/strong><\/p>\n","protected":false},"excerpt":{"rendered":"<p>Silts ziemas kost\u012bms kas paredz\u0113ts lieto&scaron;anai l\u012bdz -30\u0421. JAKA: L\u012bm\u0113t\u0101s &scaron;uves YKK r\u0101v\u0113jsl\u0113dz\u0113ji Savelkama jostas vieta Savelkama apak&scaron;da\u013ca \u0112rtas kabatas iek&scaron;\u0101 un \u0101r\u0101 Divas \u0101r\u0113jas kabatas ar r\u0101v\u0113jsl\u0113dz\u0113jiem Silta kabata mobilajam telefonam Elast\u012bgas man&scaron;etes Regul\u0113jamas \u0101r\u0113j\u0101s man&scaron;etes Stiprin\u0101ts materi\u0101ls uz pleciem Atstarojo&scaron;i elementi PUSKOMBINEZONS: Regul\u0113jamas lences Kr\u016b&scaron;u kabata Divas \u0101r\u0113jas kabatas ar r\u0101v\u0113jsl\u0113dz\u0113jiem Divas uzliktas [&hellip;]<\/p>\n","protected":false},"featured_media":0,"template":"","meta":[],"product_brand":[],"product_cat":[4619,4640,4992,4993],"product_tag":[],"class_list":{"0":"post-78015","1":"product","2":"type-product","3":"status-publish","5":"product_cat-winter-clothes-recreation","6":"product_cat-recreation","7":"product_cat-alaskan-suits-winter-suits-for-fishing","8":"product_cat-winter-suits-for-fishing-winter-clothes-recreation","10":"first","11":"instock","12":"shipping-taxable","13":"product-type-simple"},"_links":{"self":[{"href":"https:\/\/sezona.lv\/en\/wp-json\/wp\/v2\/product\/78015","targetHints":{"allow":["GET"]}}],"collection":[{"href":"https:\/\/sezona.lv\/en\/wp-json\/wp\/v2\/product"}],"about":[{"href":"https:\/\/sezona.lv\/en\/wp-json\/wp\/v2\/types\/product"}],"wp:attachment":[{"href":"https:\/\/sezona.lv\/en\/wp-json\/wp\/v2\/media?parent=78015"}],"wp:term":[{"taxonomy":"product_brand","embeddable":true,"href":"https:\/\/sezona.lv\/en\/wp-json\/wp\/v2\/product_brand?post=78015"},{"taxonomy":"product_cat","embeddable":true,"href":"https:\/\/sezona.lv\/en\/wp-json\/wp\/v2\/product_cat?post=78015"},{"taxonomy":"product_tag","embeddable":true,"href":"https:\/\/sezona.lv\/en\/wp-json\/wp\/v2\/product_tag?post=78015"}],"curies":[{"name":"wp","href":"https:\/\/api.w.org\/{rel}","templated":true}]}}