{"id":78017,"date":"2025-07-14T15:16:51","date_gmt":"2025-07-14T12:16:51","guid":{"rendered":"https:\/\/demo8.ecube.lv\/sezona.lv\/products\/mil-tec-aluminija-2-katli-panna-plitina-komplekts-14660000\/"},"modified":"2025-07-14T15:16:51","modified_gmt":"2025-07-14T12:16:51","slug":"mil-tec-aluminija-2-katli-panna-plitina-komplekts-14660000","status":"publish","type":"product","link":"https:\/\/sezona.lv\/en\/products\/mil-tec-aluminija-2-katli-panna-plitina-komplekts-14660000\/","title":{"rendered":"Mil Tec alum\u012bnija (2 katli, panna, pl\u012bti\u0146a) komplekts 14660000"},"content":{"rendered":"<p><span class=\"main\"> <\/span><\/p>\n<p><span class=\"main\">Aluminum<br \/>Cooker:  Brass<br \/>Weiht: 600 g<\/p>\n<p>2 pots:<br \/>Pot 1: volume: 1,4 Liter,  dimensions: 19, x 7 cm<br \/>Pot 2: volume: 0,95 Liter, dimensions: 18 x 6 cm<\/p>\n<p>Cooker top part: dimensions: 17,5 x 6,5 cm; 15,5 x 5,5 cm<\/p>\n<p>1 pan: dimensions: 20,8 x 3 cm<br \/>1 pan hilt: dimensions: 13 x 2,5 cm<\/p>\n<p>Brass cooker: dimensions: 7,6 x 4,5 cm<\/span><\/p>\n","protected":false},"excerpt":{"rendered":"<p>AluminumCooker: BrassWeiht: 600 g 2 pots:Pot 1: volume: 1,4 Liter, dimensions: 19, x 7 cmPot 2: volume: 0,95 Liter, dimensions: 18 x 6 cm Cooker top part: dimensions: 17,5 x 6,5 cm; 15,5 x 5,5 cm 1 pan: dimensions: 20,8 x 3 cm1 pan hilt: dimensions: 13 x 2,5 cm Brass cooker: dimensions: 7,6 x [&hellip;]<\/p>\n","protected":false},"featured_media":0,"template":"","meta":[],"product_brand":[3390],"product_cat":[4558,4571,4640,4738],"product_tag":[],"class_list":{"0":"post-78017","1":"product","2":"type-product","3":"status-publish","5":"product_brand-mil-tec","6":"product_cat-for-tourism-recreation","7":"product_cat-dishes-knives-folding-tables-for-tourism-recreation","8":"product_cat-recreation","9":"product_cat-aluminium-dishes-dishes-knives-folding-tables-for-tourism-recreation","11":"first","12":"instock","13":"shipping-taxable","14":"purchasable","15":"product-type-simple"},"_links":{"self":[{"href":"https:\/\/sezona.lv\/en\/wp-json\/wp\/v2\/product\/78017","targetHints":{"allow":["GET"]}}],"collection":[{"href":"https:\/\/sezona.lv\/en\/wp-json\/wp\/v2\/product"}],"about":[{"href":"https:\/\/sezona.lv\/en\/wp-json\/wp\/v2\/types\/product"}],"wp:attachment":[{"href":"https:\/\/sezona.lv\/en\/wp-json\/wp\/v2\/media?parent=78017"}],"wp:term":[{"taxonomy":"product_brand","embeddable":true,"href":"https:\/\/sezona.lv\/en\/wp-json\/wp\/v2\/product_brand?post=78017"},{"taxonomy":"product_cat","embeddable":true,"href":"https:\/\/sezona.lv\/en\/wp-json\/wp\/v2\/product_cat?post=78017"},{"taxonomy":"product_tag","embeddable":true,"href":"https:\/\/sezona.lv\/en\/wp-json\/wp\/v2\/product_tag?post=78017"}],"curies":[{"name":"wp","href":"https:\/\/api.w.org\/{rel}","templated":true}]}}