{"id":78023,"date":"2025-07-14T15:16:58","date_gmt":"2025-07-14T12:16:58","guid":{"rendered":"https:\/\/demo8.ecube.lv\/sezona.lv\/products\/mil-tec-gazes-deglis-ar-sluteni-14911100\/"},"modified":"2025-07-14T15:16:58","modified_gmt":"2025-07-14T12:16:58","slug":"mil-tec-gazes-deglis-ar-sluteni-14911100","status":"publish","type":"product","link":"https:\/\/sezona.lv\/en\/products\/mil-tec-gazes-deglis-ar-sluteni-14911100\/","title":{"rendered":"Mil Tec g\u0101zes deglis ar \u0161\u013c\u016bteni 14911100"},"content":{"rendered":"<p><span class=\"main\">Height: 9 cm<br \/>Length gas hose: 36 cm<br \/>Weight: ca. 280 g<\/p>\n<p>&#8211; high quality aluminum \/ high-grade steel fold stove<br \/>&#8211; slightly model<br \/>&#8211; highly efficient to 3.500 W<br \/>&#8211; matching with all commercially available gas cartouches<br \/>&#8211; suitable for pots from a diameter of ca. 14 cm<\/span><\/p>\n","protected":false},"excerpt":{"rendered":"<p>Height: 9 cmLength gas hose: 36 cmWeight: ca. 280 g &#8211; high quality aluminum \/ high-grade steel fold stove&#8211; slightly model&#8211; highly efficient to 3.500 W&#8211; matching with all commercially available gas cartouches&#8211; suitable for pots from a diameter of ca. 14 cm<\/p>\n","protected":false},"featured_media":0,"template":"","meta":[],"product_brand":[3390],"product_cat":[4558,4640,4720,4723],"product_tag":[],"class_list":{"0":"post-78023","1":"product","2":"type-product","3":"status-publish","5":"product_brand-mil-tec","6":"product_cat-for-tourism-recreation","7":"product_cat-recreation","8":"product_cat-gas-stoves-burners-lanterns-heaters-for-tourism-recreation","9":"product_cat-gas-burners-gas-stoves-burners-lanterns-heaters-for-tourism-recreation","11":"first","12":"instock","13":"shipping-taxable","14":"purchasable","15":"product-type-simple"},"_links":{"self":[{"href":"https:\/\/sezona.lv\/en\/wp-json\/wp\/v2\/product\/78023","targetHints":{"allow":["GET"]}}],"collection":[{"href":"https:\/\/sezona.lv\/en\/wp-json\/wp\/v2\/product"}],"about":[{"href":"https:\/\/sezona.lv\/en\/wp-json\/wp\/v2\/types\/product"}],"wp:attachment":[{"href":"https:\/\/sezona.lv\/en\/wp-json\/wp\/v2\/media?parent=78023"}],"wp:term":[{"taxonomy":"product_brand","embeddable":true,"href":"https:\/\/sezona.lv\/en\/wp-json\/wp\/v2\/product_brand?post=78023"},{"taxonomy":"product_cat","embeddable":true,"href":"https:\/\/sezona.lv\/en\/wp-json\/wp\/v2\/product_cat?post=78023"},{"taxonomy":"product_tag","embeddable":true,"href":"https:\/\/sezona.lv\/en\/wp-json\/wp\/v2\/product_tag?post=78023"}],"curies":[{"name":"wp","href":"https:\/\/api.w.org\/{rel}","templated":true}]}}