{"id":78034,"date":"2025-07-11T16:28:16","date_gmt":"2025-07-11T13:28:16","guid":{"rendered":"https:\/\/demo8.ecube.lv\/sezona.lv\/products\/elektromotors-minn-kota-traxxis-45-36-variable\/"},"modified":"2025-07-14T15:17:10","modified_gmt":"2025-07-14T12:17:10","slug":"elektromotors-minn-kota-traxxis-45-36-variable","status":"publish","type":"product","link":"https:\/\/sezona.lv\/en\/products\/elektromotors-minn-kota-traxxis-45-36-variable\/","title":{"rendered":"Elektromotors Minn Kota TRAXXIS 45-36 VARIABLE"},"content":{"rendered":"<p>Elektromotors Minn Kota TRAXXIS 45-36 VARIABLE.<\/p>\n<p>Inform\u0101cija no ra\u017eot\u0101ja m\u0101jas lapas:<\/p>\n<p>http:\/\/www.minnkotamotors.com\/Products\/TRAXXIS-45-LB-36-INCH-SHAFT\/<\/p>\n","protected":false},"excerpt":{"rendered":"<p>Elektromotors Minn Kota TRAXXIS 45-36 VARIABLE. Inform\u0101cija no ra\u017eot\u0101ja m\u0101jas lapas: http:\/\/www.minnkotamotors.com\/Products\/TRAXXIS-45-LB-36-INCH-SHAFT\/<\/p>\n","protected":false},"featured_media":0,"template":"","meta":[],"product_brand":[3370],"product_cat":[4557,4765],"product_tag":[],"class_list":{"0":"post-78034","1":"product","2":"type-product","3":"status-publish","5":"product_brand-minn-kota","6":"product_cat-boats-recreation","7":"product_cat-electric-motors-boats-recreation","9":"first","10":"instock","11":"shipping-taxable","12":"purchasable","13":"product-type-simple"},"_links":{"self":[{"href":"https:\/\/sezona.lv\/en\/wp-json\/wp\/v2\/product\/78034","targetHints":{"allow":["GET"]}}],"collection":[{"href":"https:\/\/sezona.lv\/en\/wp-json\/wp\/v2\/product"}],"about":[{"href":"https:\/\/sezona.lv\/en\/wp-json\/wp\/v2\/types\/product"}],"wp:attachment":[{"href":"https:\/\/sezona.lv\/en\/wp-json\/wp\/v2\/media?parent=78034"}],"wp:term":[{"taxonomy":"product_brand","embeddable":true,"href":"https:\/\/sezona.lv\/en\/wp-json\/wp\/v2\/product_brand?post=78034"},{"taxonomy":"product_cat","embeddable":true,"href":"https:\/\/sezona.lv\/en\/wp-json\/wp\/v2\/product_cat?post=78034"},{"taxonomy":"product_tag","embeddable":true,"href":"https:\/\/sezona.lv\/en\/wp-json\/wp\/v2\/product_tag?post=78034"}],"curies":[{"name":"wp","href":"https:\/\/api.w.org\/{rel}","templated":true}]}}