{"id":78035,"date":"2025-07-11T16:28:17","date_gmt":"2025-07-11T13:28:17","guid":{"rendered":"https:\/\/demo8.ecube.lv\/sezona.lv\/products\/regatta-turisma-kruze-rce121\/"},"modified":"2025-07-14T15:17:12","modified_gmt":"2025-07-14T12:17:12","slug":"regatta-turisma-kruze-rce121","status":"publish","type":"product","link":"https:\/\/sezona.lv\/en\/products\/regatta-turisma-kruze-rce121\/","title":{"rendered":"Regatta t\u016brisma kr\u016bze (RCE121)"},"content":{"rendered":"<p align=\"justify\"><span style=\"font-size: x-small\">Regatta t\u016brisma kr\u016bze ar karab\u012bni (RCE121).<\/span><\/p>\n<p>Kvalitat\u012bva un vienk\u0101r&scaron;i stiprin\u0101ma pie mugursomas.<\/p>\n<p>Materi\u0101ls: ner\u016bs\u0113jo&scaron;ais t\u0113rauds<\/p>\n<p>Tilpums: 0.3l<\/p>\n","protected":false},"excerpt":{"rendered":"<p>Regatta t\u016brisma kr\u016bze ar karab\u012bni (RCE121). Kvalitat\u012bva un vienk\u0101r&scaron;i stiprin\u0101ma pie mugursomas. Materi\u0101ls: ner\u016bs\u0113jo&scaron;ais t\u0113rauds Tilpums: 0.3l<\/p>\n","protected":false},"featured_media":69037,"template":"","meta":[],"product_brand":[3374],"product_cat":[4558,4571,4731],"product_tag":[],"class_list":{"0":"post-78035","1":"product","2":"type-product","3":"status-publish","4":"has-post-thumbnail","6":"product_brand-regatta","7":"product_cat-for-tourism-recreation","8":"product_cat-dishes-knives-folding-tables-for-tourism-recreation","9":"product_cat-mugs-flasks-dishes-knives-folding-tables-for-tourism-recreation","11":"first","12":"instock","13":"shipping-taxable","14":"purchasable","15":"product-type-simple"},"_links":{"self":[{"href":"https:\/\/sezona.lv\/en\/wp-json\/wp\/v2\/product\/78035","targetHints":{"allow":["GET"]}}],"collection":[{"href":"https:\/\/sezona.lv\/en\/wp-json\/wp\/v2\/product"}],"about":[{"href":"https:\/\/sezona.lv\/en\/wp-json\/wp\/v2\/types\/product"}],"wp:featuredmedia":[{"embeddable":true,"href":"https:\/\/sezona.lv\/en\/wp-json\/wp\/v2\/media\/69037"}],"wp:attachment":[{"href":"https:\/\/sezona.lv\/en\/wp-json\/wp\/v2\/media?parent=78035"}],"wp:term":[{"taxonomy":"product_brand","embeddable":true,"href":"https:\/\/sezona.lv\/en\/wp-json\/wp\/v2\/product_brand?post=78035"},{"taxonomy":"product_cat","embeddable":true,"href":"https:\/\/sezona.lv\/en\/wp-json\/wp\/v2\/product_cat?post=78035"},{"taxonomy":"product_tag","embeddable":true,"href":"https:\/\/sezona.lv\/en\/wp-json\/wp\/v2\/product_tag?post=78035"}],"curies":[{"name":"wp","href":"https:\/\/api.w.org\/{rel}","templated":true}]}}