{"id":78040,"date":"2025-07-11T16:28:24","date_gmt":"2025-07-11T13:28:24","guid":{"rendered":"https:\/\/demo8.ecube.lv\/sezona.lv\/products\/pumpis-29p388\/"},"modified":"2025-07-14T15:17:17","modified_gmt":"2025-07-14T12:17:17","slug":"pumpis-29p388","status":"publish","type":"product","link":"https:\/\/sezona.lv\/en\/products\/pumpis-29p388\/","title":{"rendered":"Pumpis 29P388"},"content":{"rendered":"<ul>\n<li><span id=\"saturosss\">&nbsp;Lielisks pumpis, kas pal\u012bdz\u0113s gan piepump\u0113t, gan izpump\u0113t gaisu.<\/span><\/li>\n<li><span id=\"saturosss\">&nbsp;Piem\u0113rots laiv\u0101m, matra\u010diem, bumb\u0101m un citam liet\u0101m.<\/span><\/li>\n<li><span id=\"saturosss\">&nbsp;Dubult\u0101s darb\u012bbas pumpis. <\/span><\/li>\n<li><span id=\"saturosss\">&nbsp;Komplekt\u0101 n\u0101k l\u012bdz 3 da\u017e\u0101di uzga\u013ci.<\/span><\/li>\n<li><span id=\"saturosss\">&nbsp;Tilpums: 2 x 2000cm.<\/span><\/li>\n<li><span id=\"saturosss\">&nbsp;Garums: 46cm.<\/span><\/li>\n<\/ul>\n","protected":false},"excerpt":{"rendered":"<p>&nbsp;Lielisks pumpis, kas pal\u012bdz\u0113s gan piepump\u0113t, gan izpump\u0113t gaisu. &nbsp;Piem\u0113rots laiv\u0101m, matra\u010diem, bumb\u0101m un citam liet\u0101m. &nbsp;Dubult\u0101s darb\u012bbas pumpis. &nbsp;Komplekt\u0101 n\u0101k l\u012bdz 3 da\u017e\u0101di uzga\u013ci. &nbsp;Tilpums: 2 x 2000cm. &nbsp;Garums: 46cm.<\/p>\n","protected":false},"featured_media":69052,"template":"","meta":[],"product_brand":[],"product_cat":[4557,4666],"product_tag":[],"class_list":{"0":"post-78040","1":"product","2":"type-product","3":"status-publish","4":"has-post-thumbnail","6":"product_cat-boats-recreation","7":"product_cat-boat-accessories-boats-recreation","9":"first","10":"instock","11":"shipping-taxable","12":"purchasable","13":"product-type-simple"},"_links":{"self":[{"href":"https:\/\/sezona.lv\/en\/wp-json\/wp\/v2\/product\/78040","targetHints":{"allow":["GET"]}}],"collection":[{"href":"https:\/\/sezona.lv\/en\/wp-json\/wp\/v2\/product"}],"about":[{"href":"https:\/\/sezona.lv\/en\/wp-json\/wp\/v2\/types\/product"}],"wp:featuredmedia":[{"embeddable":true,"href":"https:\/\/sezona.lv\/en\/wp-json\/wp\/v2\/media\/69052"}],"wp:attachment":[{"href":"https:\/\/sezona.lv\/en\/wp-json\/wp\/v2\/media?parent=78040"}],"wp:term":[{"taxonomy":"product_brand","embeddable":true,"href":"https:\/\/sezona.lv\/en\/wp-json\/wp\/v2\/product_brand?post=78040"},{"taxonomy":"product_cat","embeddable":true,"href":"https:\/\/sezona.lv\/en\/wp-json\/wp\/v2\/product_cat?post=78040"},{"taxonomy":"product_tag","embeddable":true,"href":"https:\/\/sezona.lv\/en\/wp-json\/wp\/v2\/product_tag?post=78040"}],"curies":[{"name":"wp","href":"https:\/\/api.w.org\/{rel}","templated":true}]}}