{"id":78042,"date":"2025-07-11T16:28:26","date_gmt":"2025-07-11T13:28:26","guid":{"rendered":"https:\/\/demo8.ecube.lv\/sezona.lv\/products\/salmo-blaster-micro-1610fd\/"},"modified":"2025-07-14T15:17:19","modified_gmt":"2025-07-14T12:17:19","slug":"salmo-blaster-micro-1610fd","status":"publish","type":"product","link":"https:\/\/sezona.lv\/en\/products\/salmo-blaster-micro-1610fd\/","title":{"rendered":"Salmo Blaster MICRO (1610FD)"},"content":{"rendered":"<p>Spole Salmo Blaster MICRO (1610FD).<br \/> &bull; Priek&scaron;\u0113ja bremze<br \/> &bull; 1 lod\u012b&scaron;u gultnis<br \/> &bull; Anti revers\u0101 sist\u0113ma<br \/> &bull; Karboplasta korpuss<\/p>\n<p> &bull; Rokturis:<br \/> &#8211; Ar skr\u016bves tipa fiks\u0101ciju<br \/> &#8211; Iesp\u0113jama lab\u0101s \/ kreis\u0101s puses uzst\u0101d\u012b&scaron;ana<\/p>\n<p> P\u0101rnesums 5,5:1<br \/> Svars 165g<br \/> Ietilp\u012bba m\/mm  240m\/0,18mm<\/p>\n","protected":false},"excerpt":{"rendered":"<p>Spole Salmo Blaster MICRO (1610FD). &bull; Priek&scaron;\u0113ja bremze &bull; 1 lod\u012b&scaron;u gultnis &bull; Anti revers\u0101 sist\u0113ma &bull; Karboplasta korpuss &bull; Rokturis: &#8211; Ar skr\u016bves tipa fiks\u0101ciju &#8211; Iesp\u0113jama lab\u0101s \/ kreis\u0101s puses uzst\u0101d\u012b&scaron;ana P\u0101rnesums 5,5:1 Svars 165g Ietilp\u012bba m\/mm 240m\/0,18mm<\/p>\n","protected":false},"featured_media":69058,"template":"","meta":[],"product_brand":[894],"product_cat":[4538,4539,4541],"product_tag":[],"class_list":{"0":"post-78042","1":"product","2":"type-product","3":"status-publish","4":"has-post-thumbnail","6":"product_brand-salmo","7":"product_cat-fishing-equipment-recreation","8":"product_cat-reels-fishing-equipment-recreation","9":"product_cat-spinning-reels-reels-fishing-equipment-recreation","11":"first","12":"instock","13":"shipping-taxable","14":"purchasable","15":"product-type-simple"},"_links":{"self":[{"href":"https:\/\/sezona.lv\/en\/wp-json\/wp\/v2\/product\/78042","targetHints":{"allow":["GET"]}}],"collection":[{"href":"https:\/\/sezona.lv\/en\/wp-json\/wp\/v2\/product"}],"about":[{"href":"https:\/\/sezona.lv\/en\/wp-json\/wp\/v2\/types\/product"}],"wp:featuredmedia":[{"embeddable":true,"href":"https:\/\/sezona.lv\/en\/wp-json\/wp\/v2\/media\/69058"}],"wp:attachment":[{"href":"https:\/\/sezona.lv\/en\/wp-json\/wp\/v2\/media?parent=78042"}],"wp:term":[{"taxonomy":"product_brand","embeddable":true,"href":"https:\/\/sezona.lv\/en\/wp-json\/wp\/v2\/product_brand?post=78042"},{"taxonomy":"product_cat","embeddable":true,"href":"https:\/\/sezona.lv\/en\/wp-json\/wp\/v2\/product_cat?post=78042"},{"taxonomy":"product_tag","embeddable":true,"href":"https:\/\/sezona.lv\/en\/wp-json\/wp\/v2\/product_tag?post=78042"}],"curies":[{"name":"wp","href":"https:\/\/api.w.org\/{rel}","templated":true}]}}