{"id":78043,"date":"2025-07-11T16:28:28","date_gmt":"2025-07-11T13:28:28","guid":{"rendered":"https:\/\/demo8.ecube.lv\/sezona.lv\/products\/salmo-diamond-spin-7-5525rd\/"},"modified":"2025-07-14T15:17:20","modified_gmt":"2025-07-14T12:17:20","slug":"salmo-diamond-spin-7-5525rd","status":"publish","type":"product","link":"https:\/\/sezona.lv\/en\/products\/salmo-diamond-spin-7-5525rd\/","title":{"rendered":"Salmo Diamond Spin 7 (5525RD)"},"content":{"rendered":"<p>Spole Salmo Diamond Spin 7 (5525RD).<\/p>\n<p>&bull; Aizmugur\u0113j\u0101 bremze<\/p>\n<p>&bull; 6 lod\u012b&scaron;u gult\u0146i<\/p>\n<p>&bull; 1 rull\u012b&scaron;u gultnis<\/p>\n<p>&bull; Anti revers\u0101 sist\u0113ma<\/p>\n<p>&bull; meh\u0101nisms auklas uzt\u012b&scaron;anai  ar &#8220;nebeidzama v\u012btne&#8221;<\/p>\n<p>&bull; Karbona korpuss<\/p>\n<p>&bull; Prim\u0101r\u0101 auklas uzt\u012b&scaron;anas kasete  alum\u012bnija<\/p>\n<p>&bull; Papildus auklas uzt\u012b&scaron;anas kasete graf\u012bta<\/p>\n<p>&bull; Spoles loci\u0146&scaron; ar dobu vidu, iztur\u012bgs (viegls)<\/p>\n<p>&bull; Uzlabots konusveida auklas uztin\u0113js, samazinas auklas v\u0113rp&scaron;anos un nodilumu.<\/p>\n<p>&bull; P\u0101rkl\u0101jums no iztur\u012bga tit\u0101na nitr\u012bda:<\/p>\n<p>&#8211;  Lod\u012b&scaron;u gult\u0146i<\/p>\n<p>&#8211; Auklas uzti\u012b&scaron;anas kasetes kont\u016bras<\/p>\n<p>&bull; Rokturis:<\/p>\n<p>&#8211; Ar skr\u016bves tipa fiks\u0101ciju<\/p>\n<p>&#8211; Iesp\u0113jama lab\u0101s \/ kreis\u0101s puses uzst\u0101d\u012b&scaron;ana<\/p>\n<p>&bull; Ergonomisks  gumijas rokturis<\/p>\n<p> P\u0101rnesums: 5,5:1<br \/> Svars: 270g<br \/> Ietilp\u012bba: m\/mm 230m\/0,18mm<\/p>\n","protected":false},"excerpt":{"rendered":"<p>Spole Salmo Diamond Spin 7 (5525RD). &bull; Aizmugur\u0113j\u0101 bremze &bull; 6 lod\u012b&scaron;u gult\u0146i &bull; 1 rull\u012b&scaron;u gultnis &bull; Anti revers\u0101 sist\u0113ma &bull; meh\u0101nisms auklas uzt\u012b&scaron;anai ar &#8220;nebeidzama v\u012btne&#8221; &bull; Karbona korpuss &bull; Prim\u0101r\u0101 auklas uzt\u012b&scaron;anas kasete alum\u012bnija &bull; Papildus auklas uzt\u012b&scaron;anas kasete graf\u012bta &bull; Spoles loci\u0146&scaron; ar dobu vidu, iztur\u012bgs (viegls) &bull; Uzlabots konusveida auklas [&hellip;]<\/p>\n","protected":false},"featured_media":0,"template":"","meta":[],"product_brand":[894],"product_cat":[4538,4539,4541],"product_tag":[],"class_list":{"0":"post-78043","1":"product","2":"type-product","3":"status-publish","5":"product_brand-salmo","6":"product_cat-fishing-equipment-recreation","7":"product_cat-reels-fishing-equipment-recreation","8":"product_cat-spinning-reels-reels-fishing-equipment-recreation","10":"first","11":"instock","12":"shipping-taxable","13":"purchasable","14":"product-type-simple"},"_links":{"self":[{"href":"https:\/\/sezona.lv\/en\/wp-json\/wp\/v2\/product\/78043","targetHints":{"allow":["GET"]}}],"collection":[{"href":"https:\/\/sezona.lv\/en\/wp-json\/wp\/v2\/product"}],"about":[{"href":"https:\/\/sezona.lv\/en\/wp-json\/wp\/v2\/types\/product"}],"wp:attachment":[{"href":"https:\/\/sezona.lv\/en\/wp-json\/wp\/v2\/media?parent=78043"}],"wp:term":[{"taxonomy":"product_brand","embeddable":true,"href":"https:\/\/sezona.lv\/en\/wp-json\/wp\/v2\/product_brand?post=78043"},{"taxonomy":"product_cat","embeddable":true,"href":"https:\/\/sezona.lv\/en\/wp-json\/wp\/v2\/product_cat?post=78043"},{"taxonomy":"product_tag","embeddable":true,"href":"https:\/\/sezona.lv\/en\/wp-json\/wp\/v2\/product_tag?post=78043"}],"curies":[{"name":"wp","href":"https:\/\/api.w.org\/{rel}","templated":true}]}}