{"id":78045,"date":"2025-07-11T16:28:30","date_gmt":"2025-07-11T13:28:30","guid":{"rendered":"https:\/\/demo8.ecube.lv\/sezona.lv\/products\/spole-salmo-sniper-feeder-2-2250fd\/"},"modified":"2025-07-14T15:17:22","modified_gmt":"2025-07-14T12:17:22","slug":"spole-salmo-sniper-feeder-2-2250fd","status":"publish","type":"product","link":"https:\/\/sezona.lv\/en\/products\/spole-salmo-sniper-feeder-2-2250fd\/","title":{"rendered":"Spole Salmo Sniper Feeder 2 (2250FD)"},"content":{"rendered":"<p>Spole Salmo Sniper Feeder 2 (2250FD).<\/p>\n<p>Jaud\u012bga spole, kas ir paredz\u0113ta f\u012bdermak&scaron;\u0137er\u0113&scaron;anai. Speci\u0101la &#8220;Long Cast&#8221; kasete, kas \u013cauj izdar\u012bt t\u0101lu iemetienu.<\/p>\n<p>+ Priek&scaron;\u0113j\u0101 bremze<br \/> + 1+1 gultnis<br \/> + Anti revers\u0101 sist\u0113ma<br \/> + Graf\u012bta kasete<\/p>\n<p> &bull; Rokturis:<br \/> &#8211; Ar skr\u016bves tipa fiks\u0101ciju<br \/> &#8211; Iesp\u0113jama lab\u0101s \/ kreis\u0101s puses uzst\u0101d\u012b&scaron;ana<\/p>\n<p> P\u0101rnesums 5,2:1<br \/> Svars 363g <br \/> Ietilp\u012bba mm\/m 180m\/0,35mm<\/p>\n","protected":false},"excerpt":{"rendered":"<p>Spole Salmo Sniper Feeder 2 (2250FD). Jaud\u012bga spole, kas ir paredz\u0113ta f\u012bdermak&scaron;\u0137er\u0113&scaron;anai. Speci\u0101la &#8220;Long Cast&#8221; kasete, kas \u013cauj izdar\u012bt t\u0101lu iemetienu. + Priek&scaron;\u0113j\u0101 bremze + 1+1 gultnis + Anti revers\u0101 sist\u0113ma + Graf\u012bta kasete &bull; Rokturis: &#8211; Ar skr\u016bves tipa fiks\u0101ciju &#8211; Iesp\u0113jama lab\u0101s \/ kreis\u0101s puses uzst\u0101d\u012b&scaron;ana P\u0101rnesums 5,2:1 Svars 363g Ietilp\u012bba mm\/m 180m\/0,35mm<\/p>\n","protected":false},"featured_media":0,"template":"","meta":[],"product_brand":[894],"product_cat":[4538,4539,4541],"product_tag":[],"class_list":{"0":"post-78045","1":"product","2":"type-product","3":"status-publish","5":"product_brand-salmo","6":"product_cat-fishing-equipment-recreation","7":"product_cat-reels-fishing-equipment-recreation","8":"product_cat-spinning-reels-reels-fishing-equipment-recreation","10":"first","11":"instock","12":"shipping-taxable","13":"purchasable","14":"product-type-simple"},"_links":{"self":[{"href":"https:\/\/sezona.lv\/en\/wp-json\/wp\/v2\/product\/78045","targetHints":{"allow":["GET"]}}],"collection":[{"href":"https:\/\/sezona.lv\/en\/wp-json\/wp\/v2\/product"}],"about":[{"href":"https:\/\/sezona.lv\/en\/wp-json\/wp\/v2\/types\/product"}],"wp:attachment":[{"href":"https:\/\/sezona.lv\/en\/wp-json\/wp\/v2\/media?parent=78045"}],"wp:term":[{"taxonomy":"product_brand","embeddable":true,"href":"https:\/\/sezona.lv\/en\/wp-json\/wp\/v2\/product_brand?post=78045"},{"taxonomy":"product_cat","embeddable":true,"href":"https:\/\/sezona.lv\/en\/wp-json\/wp\/v2\/product_cat?post=78045"},{"taxonomy":"product_tag","embeddable":true,"href":"https:\/\/sezona.lv\/en\/wp-json\/wp\/v2\/product_tag?post=78045"}],"curies":[{"name":"wp","href":"https:\/\/api.w.org\/{rel}","templated":true}]}}