{"id":78049,"date":"2025-07-11T16:28:35","date_gmt":"2025-07-11T13:28:35","guid":{"rendered":"https:\/\/demo8.ecube.lv\/sezona.lv\/products\/salmo-sniper-baitfeeder-1-2760br\/"},"modified":"2025-07-14T15:17:26","modified_gmt":"2025-07-14T12:17:26","slug":"salmo-sniper-baitfeeder-1-2760br","status":"publish","type":"product","link":"https:\/\/sezona.lv\/en\/products\/salmo-sniper-baitfeeder-1-2760br\/","title":{"rendered":"Salmo SNIPER BAITFEEDER 1 (2760BR)"},"content":{"rendered":"<p>Salmo SNIPER BAITFEEDER 1 (2760BR).<\/p>\n<p>Jaud\u012bga spole, kas paredz\u0113ta gruntsmak&scaron;\u0137er\u0113&scaron;anai un apr\u012bkota ar BAITFEEDER sist\u0113mu.<\/p>\n<p>+ Priek&scaron;\u0113j\u0101 bremze<\/p>\n<p> + 1 lod\u012b&scaron;u gultnis<\/p>\n<p> + Uzlabots konusveida auklas uztin\u0113js, samazina auklas v\u0113rp&scaron;anos un nodilumu<\/p>\n<p> + Auklas uztin\u0113ja p\u0101rkl\u0101jums no iztur\u012bga tit\u0101na nitr\u012bda<\/p>\n<p> &bull; Rokturis:<\/p>\n<p> + skr\u016bves tipa fiks\u0101cija<\/p>\n<p> + abpus\u0113ji main\u0101ms<\/p>\n<p> P\u0101rnesums: 5,2:1<br \/> Svars: 445g<br \/> Ietilp\u012bba: m\/mm 80m\/0,60mm<\/p>\n","protected":false},"excerpt":{"rendered":"<p>Salmo SNIPER BAITFEEDER 1 (2760BR). Jaud\u012bga spole, kas paredz\u0113ta gruntsmak&scaron;\u0137er\u0113&scaron;anai un apr\u012bkota ar BAITFEEDER sist\u0113mu. + Priek&scaron;\u0113j\u0101 bremze + 1 lod\u012b&scaron;u gultnis + Uzlabots konusveida auklas uztin\u0113js, samazina auklas v\u0113rp&scaron;anos un nodilumu + Auklas uztin\u0113ja p\u0101rkl\u0101jums no iztur\u012bga tit\u0101na nitr\u012bda &bull; Rokturis: + skr\u016bves tipa fiks\u0101cija + abpus\u0113ji main\u0101ms P\u0101rnesums: 5,2:1 Svars: 445g Ietilp\u012bba: m\/mm [&hellip;]<\/p>\n","protected":false},"featured_media":0,"template":"","meta":[],"product_brand":[894],"product_cat":[4538,4539,4541],"product_tag":[],"class_list":{"0":"post-78049","1":"product","2":"type-product","3":"status-publish","5":"product_brand-salmo","6":"product_cat-fishing-equipment-recreation","7":"product_cat-reels-fishing-equipment-recreation","8":"product_cat-spinning-reels-reels-fishing-equipment-recreation","10":"first","11":"instock","12":"shipping-taxable","13":"purchasable","14":"product-type-simple"},"_links":{"self":[{"href":"https:\/\/sezona.lv\/en\/wp-json\/wp\/v2\/product\/78049","targetHints":{"allow":["GET"]}}],"collection":[{"href":"https:\/\/sezona.lv\/en\/wp-json\/wp\/v2\/product"}],"about":[{"href":"https:\/\/sezona.lv\/en\/wp-json\/wp\/v2\/types\/product"}],"wp:attachment":[{"href":"https:\/\/sezona.lv\/en\/wp-json\/wp\/v2\/media?parent=78049"}],"wp:term":[{"taxonomy":"product_brand","embeddable":true,"href":"https:\/\/sezona.lv\/en\/wp-json\/wp\/v2\/product_brand?post=78049"},{"taxonomy":"product_cat","embeddable":true,"href":"https:\/\/sezona.lv\/en\/wp-json\/wp\/v2\/product_cat?post=78049"},{"taxonomy":"product_tag","embeddable":true,"href":"https:\/\/sezona.lv\/en\/wp-json\/wp\/v2\/product_tag?post=78049"}],"curies":[{"name":"wp","href":"https:\/\/api.w.org\/{rel}","templated":true}]}}