{"id":78058,"date":"2025-07-11T16:28:44","date_gmt":"2025-07-11T13:28:44","guid":{"rendered":"https:\/\/demo8.ecube.lv\/sezona.lv\/products\/spole-lucky-john-makora-spin-8-3000-lj-9230fd\/"},"modified":"2025-07-14T15:17:36","modified_gmt":"2025-07-14T12:17:36","slug":"spole-lucky-john-makora-spin-8-3000-lj-9230fd","status":"publish","type":"product","link":"https:\/\/sezona.lv\/en\/products\/spole-lucky-john-makora-spin-8-3000-lj-9230fd\/","title":{"rendered":"Spole Lucky John Makora SPIN 8 3000 (LJ-9230FD)"},"content":{"rendered":"<p>Spole Lucky John Makora SPIN 8 3000 (LJ-9230FD).<\/p>\n<p>Gult\u0146i: 7 lod\u012b&scaron;u gult\u0146i +1 rull\u012b&scaron;u gultnis<br \/> Svars (g): 302<br \/> Anti-reverse sist\u0113ma (IAR)<br \/> P\u0101rnesums:\t 5.0: 1 <br \/> Ietilp\u012bba, mm\/m:\t 0.285mm 150m<br \/> Abpus\u0113ji main\u0101ms rokturis:\t+<\/p>\n","protected":false},"excerpt":{"rendered":"<p>Spole Lucky John Makora SPIN 8 3000 (LJ-9230FD). Gult\u0146i: 7 lod\u012b&scaron;u gult\u0146i +1 rull\u012b&scaron;u gultnis Svars (g): 302 Anti-reverse sist\u0113ma (IAR) P\u0101rnesums: 5.0: 1 Ietilp\u012bba, mm\/m: 0.285mm 150m Abpus\u0113ji main\u0101ms rokturis: +<\/p>\n","protected":false},"featured_media":0,"template":"","meta":[],"product_brand":[3391],"product_cat":[4538,4539,4541],"product_tag":[],"class_list":{"0":"post-78058","1":"product","2":"type-product","3":"status-publish","5":"product_brand-lucky-john","6":"product_cat-fishing-equipment-recreation","7":"product_cat-reels-fishing-equipment-recreation","8":"product_cat-spinning-reels-reels-fishing-equipment-recreation","10":"first","11":"instock","12":"shipping-taxable","13":"purchasable","14":"product-type-simple"},"_links":{"self":[{"href":"https:\/\/sezona.lv\/en\/wp-json\/wp\/v2\/product\/78058","targetHints":{"allow":["GET"]}}],"collection":[{"href":"https:\/\/sezona.lv\/en\/wp-json\/wp\/v2\/product"}],"about":[{"href":"https:\/\/sezona.lv\/en\/wp-json\/wp\/v2\/types\/product"}],"wp:attachment":[{"href":"https:\/\/sezona.lv\/en\/wp-json\/wp\/v2\/media?parent=78058"}],"wp:term":[{"taxonomy":"product_brand","embeddable":true,"href":"https:\/\/sezona.lv\/en\/wp-json\/wp\/v2\/product_brand?post=78058"},{"taxonomy":"product_cat","embeddable":true,"href":"https:\/\/sezona.lv\/en\/wp-json\/wp\/v2\/product_cat?post=78058"},{"taxonomy":"product_tag","embeddable":true,"href":"https:\/\/sezona.lv\/en\/wp-json\/wp\/v2\/product_tag?post=78058"}],"curies":[{"name":"wp","href":"https:\/\/api.w.org\/{rel}","templated":true}]}}