{"id":78062,"date":"2025-07-14T15:17:40","date_gmt":"2025-07-14T12:17:40","guid":{"rendered":"https:\/\/demo8.ecube.lv\/sezona.lv\/products\/sufix-pita-aukla-832-1500m-zala\/"},"modified":"2025-07-14T15:17:40","modified_gmt":"2025-07-14T12:17:40","slug":"sufix-pita-aukla-832-1500m-zala","status":"publish","type":"product","link":"https:\/\/sezona.lv\/en\/products\/sufix-pita-aukla-832-1500m-zala\/","title":{"rendered":"SUFIX p\u012bt\u0101 aukla 832 1500m za\u013ca"},"content":{"rendered":"<p>Sufix 832 ir perfekts moderno materi\u0101lu balanss, kas apvienojot  Dyneema&reg; &amp; GORE&reg; Performance &scaron;\u0137iedras rada stipr\u0101ku, nodiluma  iztur\u012bg\u0101ku, klus\u0101ku, apa\u013c\u0101ku un t\u0101l\u0101k iemetamu p\u012bto auklu.<\/p>\n<p>Aukla sast\u0101v no 8 &scaron;\u0137iedr\u0101m (7 Dyneema&reg; un 1 GORE&reg; Performance), kuras  ekskluz\u012bv\u0101 R8 p\u012b&scaron;anas tehnolo\u0123ija cie&scaron;i sapin veidojot 32 pinumus vien\u0101  coll\u0101, radot bl\u012bv\u0101ku, apa\u013c\u0101ku un iztur\u012bg\u0101ku auklu.<\/p>\n<p>Par &scaron;\u0137iedr\u0101m:<\/p>\n<ul>\n<li> DYNEEMA&reg; &scaron;\u0137iedra ir nodro&scaron;ina augstu iztur\u012bbu, vienlaic\u012bgi saglab\u0101jot  neticami mazu diametru, svaru un lielisku j\u016bt\u012bbu. Paties\u012bb\u0101 DYNEEMA&reg; ir  15 reizes stipr\u0101ka par t\u0113raudu. T\u0101 labi veic savu uzdevumu gan sausos,  gan mitros laika apst\u0101k\u013cos k\u0101 ar\u012b s\u0101ls\u016bden\u012b un ir lieliski notur\u012bga pret  \u0137\u012bmisk\u0101m viel\u0101m. DYNEEMA&reg; &scaron;\u0137iedra neuzs\u016bc \u016bdeni, nodro&scaron;inot papildus  aizsardz\u012bbas un iztur\u012bbas l\u012bmeni.&nbsp;<\/li>\n<li> GORE&reg; Performance Fibers &#8211; &scaron;\u0137iedra, kas izgatavota no&nbsp; uzlabota  Poly-Tetra-Fluoro-Etil\u0113na (ePTFE). &Scaron;im materi\u0101lam ir augsts bl\u012bvums un  \u013coti mazs berzes koeficients, kas iev\u0113rojami samazina nodilumu, bremzi,  vibr\u0101ciju un troksni. Tas ir ar augstu \u0137\u012bmisko notur\u012bbu un UV dro&scaron;s. Pat  p\u0113c s\u0101ls\u016bdens un da\u017e\u0101du \u0137\u012bmisku &scaron;\u0137idrumu iedarb\u012bbas GORE&reg; Performance  Fibers nezaud\u0113 savas \u012bpa&scaron;\u012bbas.<\/li>\n<\/ul>\n<table style=\"height: 263px\" border=\"0\" cellspacing=\"0\" cellpadding=\"0\" width=\"205\">\n<tbody>\n<tr>\n<td style=\"height: 35px;width: 65px;text-align: center;background-color: #cccccc\">\n<div style=\"text-align: center\"><strong>Diametrs (mm)&nbsp;<\/strong><\/div>\n<\/td>\n<td style=\"width: 65px;text-align: center;height: 35px;background-color: #cccccc\">\n<div style=\"text-align: center\"><strong>&nbsp;Tests <\/strong><\/div>\n<div style=\"text-align: center\"><strong>(kg)<\/strong><\/div>\n<\/td>\n<\/tr>\n<tr>\n<td style=\"height: 20px;text-align: center\" height=\"20\">0.06<\/td>\n<td style=\"text-align: center\">2.90<\/td>\n<\/tr>\n<tr>\n<td style=\"height: 20px;text-align: center\" height=\"20\">0.08<\/td>\n<td style=\"text-align: center\">3.70<\/td>\n<\/tr>\n<tr>\n<td style=\"height: 20px;text-align: center\" height=\"20\">0.10<\/td>\n<td style=\"text-align: center\">5.90<\/td>\n<\/tr>\n<tr>\n<td style=\"height: 20px;text-align: center\" height=\"20\">0.13<\/td>\n<td style=\"text-align: center\">8.20<\/td>\n<\/tr>\n<tr>\n<td style=\"height: 20px;text-align: center\" height=\"20\">0.15<\/td>\n<td style=\"text-align: center\">9.20<\/td>\n<\/tr>\n<tr>\n<td style=\"height: 20px;text-align: center\" height=\"20\">0.18<\/td>\n<td style=\"text-align: center\">12.00<\/td>\n<\/tr>\n<tr>\n<td style=\"height: 20px;text-align: center\" height=\"20\">0.20<\/td>\n<td style=\"text-align: center\">13.50<\/td>\n<\/tr>\n<tr>\n<td style=\"height: 20px;text-align: center\" height=\"20\">0.24<\/td>\n<td style=\"text-align: center\">17.70<\/td>\n<\/tr>\n<tr>\n<td style=\"height: 20px;text-align: center\" height=\"20\">0.28<\/td>\n<td style=\"text-align: center\">22.80<\/td>\n<\/tr>\n<tr>\n<td style=\"height: 20px;text-align: center\" height=\"20\">0.33<\/td>\n<td style=\"text-align: center\">28.50<\/td>\n<\/tr>\n<\/tbody>\n<\/table>\n","protected":false},"excerpt":{"rendered":"<p>Sufix 832 ir perfekts moderno materi\u0101lu balanss, kas apvienojot Dyneema&reg; &amp; GORE&reg; Performance &scaron;\u0137iedras rada stipr\u0101ku, nodiluma iztur\u012bg\u0101ku, klus\u0101ku, apa\u013c\u0101ku un t\u0101l\u0101k iemetamu p\u012bto auklu. Aukla sast\u0101v no 8 &scaron;\u0137iedr\u0101m (7 Dyneema&reg; un 1 GORE&reg; Performance), kuras ekskluz\u012bv\u0101 R8 p\u012b&scaron;anas tehnolo\u0123ija cie&scaron;i sapin veidojot 32 pinumus vien\u0101 coll\u0101, radot bl\u012bv\u0101ku, apa\u013c\u0101ku un iztur\u012bg\u0101ku auklu. Par [&hellip;]<\/p>\n","protected":false},"featured_media":0,"template":"","meta":[],"product_brand":[3392],"product_cat":[4538,4552,4554,4640],"product_tag":[],"class_list":{"0":"post-78062","1":"product","2":"type-product","3":"status-publish","5":"product_brand-sufix","6":"product_cat-fishing-equipment-recreation","7":"product_cat-cords-fishing-equipment-recreation","8":"product_cat-braided-fishing-lines-cords-fishing-equipment-recreation","9":"product_cat-recreation","11":"first","12":"instock","13":"shipping-taxable","14":"purchasable","15":"product-type-simple"},"_links":{"self":[{"href":"https:\/\/sezona.lv\/en\/wp-json\/wp\/v2\/product\/78062","targetHints":{"allow":["GET"]}}],"collection":[{"href":"https:\/\/sezona.lv\/en\/wp-json\/wp\/v2\/product"}],"about":[{"href":"https:\/\/sezona.lv\/en\/wp-json\/wp\/v2\/types\/product"}],"wp:attachment":[{"href":"https:\/\/sezona.lv\/en\/wp-json\/wp\/v2\/media?parent=78062"}],"wp:term":[{"taxonomy":"product_brand","embeddable":true,"href":"https:\/\/sezona.lv\/en\/wp-json\/wp\/v2\/product_brand?post=78062"},{"taxonomy":"product_cat","embeddable":true,"href":"https:\/\/sezona.lv\/en\/wp-json\/wp\/v2\/product_cat?post=78062"},{"taxonomy":"product_tag","embeddable":true,"href":"https:\/\/sezona.lv\/en\/wp-json\/wp\/v2\/product_tag?post=78062"}],"curies":[{"name":"wp","href":"https:\/\/api.w.org\/{rel}","templated":true}]}}