{"id":78064,"date":"2025-07-14T15:17:41","date_gmt":"2025-07-14T12:17:41","guid":{"rendered":"https:\/\/demo8.ecube.lv\/sezona.lv\/products\/sufix-pita-aukla-matrix-pro-135m-oranza\/"},"modified":"2025-07-14T15:17:41","modified_gmt":"2025-07-14T12:17:41","slug":"sufix-pita-aukla-matrix-pro-135m-oranza","status":"publish","type":"product","link":"https:\/\/sezona.lv\/en\/products\/sufix-pita-aukla-matrix-pro-135m-oranza\/","title":{"rendered":"SUFIX p\u012bt\u0101 aukla MATRIX PRO 135m oran\u017ea"},"content":{"rendered":"<p>SUFIX MATRIX PRO ir unik\u0101la, augstas kvalit\u0101tes p\u012bt\u0101 aukla ar vis\u0101m \u012bpa&scaron;\u012bb\u0101m, kas  mak&scaron;\u0137erniekam nepiecie&scaron;amas: augstas pak\u0101pes iztur\u012bba, \u0113rti vad\u0101ma,  gandr\u012bz nestaip\u0101s un viegli iemetama. M\u016bsu \u012bpa&scaron;ais p\u012b&scaron;anas process rada  apa\u013c\u0101ku auklu, kas darbojas daudz lab\u0101k nek\u0101 tradicion\u0101l\u0101s plakan\u0101s  p\u012bt\u0101s auklas. Apa\u013c\u0101ka aukla nodro&scaron;ina laiden\u0101ku metienu t\u0101dej\u0101di  uzlabojot t\u0101 precizit\u0101ti un att\u0101lumu. Izmantojot 100% Dyneema &scaron;\u0137iedru  tiek nodro&scaron;in\u0101ta visaugst\u0101k\u0101 iztur\u012bba attiec\u012bb\u0101 pret diametru,  vienlaic\u012bgi saglab\u0101jot maksim\u0101lu j\u016bt\u012bbu un ziben\u012bgu piecir&scaron;anu. Matrix  Pro raksturo ar\u012b neticama iztur\u012bba un nodiluma pretest\u012bba.<\/p>\n<table style=\"height: 263px\" border=\"0\" cellspacing=\"0\" cellpadding=\"0\" width=\"205\">\n<tbody>\n<tr>\n<td style=\"height: 35px;width: 65px;text-align: center;background-color: #cccccc\">\n<div style=\"text-align: center\"><strong>Diametrs (mm)&nbsp;<\/strong><\/div>\n<\/td>\n<td style=\"width: 65px;text-align: center;height: 35px;background-color: #cccccc\">\n<div style=\"text-align: center\"><strong>&nbsp;Tests <\/strong><\/div>\n<div style=\"text-align: center\"><strong>(kg)<\/strong><\/div>\n<\/td>\n<\/tr>\n<tr>\n<td style=\"height: 20px;text-align: center\" height=\"20\">0.12<\/td>\n<td style=\"text-align: center\">4.50<\/td>\n<\/tr>\n<tr>\n<td style=\"height: 20px;text-align: center\" height=\"20\">0.15<\/td>\n<td style=\"text-align: center\">7.00<\/td>\n<\/tr>\n<tr>\n<td style=\"height: 20px;text-align: center\" height=\"20\">0.18<\/td>\n<td style=\"text-align: center\">9.10<\/td>\n<\/tr>\n<tr>\n<td style=\"height: 20px;text-align: center\" height=\"20\">0.20<\/td>\n<td style=\"text-align: center\">11.40<\/td>\n<\/tr>\n<tr>\n<td style=\"height: 20px;text-align: center\" height=\"20\">0.25<\/td>\n<td style=\"text-align: center\">22.50<\/td>\n<\/tr>\n<tr>\n<td style=\"height: 20px;text-align: center\" height=\"20\">0.30<\/td>\n<td style=\"text-align: center\">27.00<\/td>\n<\/tr>\n<tr>\n<td style=\"height: 20px;text-align: center\" height=\"20\">0.35<\/td>\n<td style=\"text-align: center\">36.00<\/td>\n<\/tr>\n<\/tbody>\n<\/table>\n","protected":false},"excerpt":{"rendered":"<p>SUFIX MATRIX PRO ir unik\u0101la, augstas kvalit\u0101tes p\u012bt\u0101 aukla ar vis\u0101m \u012bpa&scaron;\u012bb\u0101m, kas mak&scaron;\u0137erniekam nepiecie&scaron;amas: augstas pak\u0101pes iztur\u012bba, \u0113rti vad\u0101ma, gandr\u012bz nestaip\u0101s un viegli iemetama. M\u016bsu \u012bpa&scaron;ais p\u012b&scaron;anas process rada apa\u013c\u0101ku auklu, kas darbojas daudz lab\u0101k nek\u0101 tradicion\u0101l\u0101s plakan\u0101s p\u012bt\u0101s auklas. Apa\u013c\u0101ka aukla nodro&scaron;ina laiden\u0101ku metienu t\u0101dej\u0101di uzlabojot t\u0101 precizit\u0101ti un att\u0101lumu. Izmantojot 100% Dyneema [&hellip;]<\/p>\n","protected":false},"featured_media":0,"template":"","meta":[],"product_brand":[3392],"product_cat":[4538,4552,4554,4640],"product_tag":[],"class_list":{"0":"post-78064","1":"product","2":"type-product","3":"status-publish","5":"product_brand-sufix","6":"product_cat-fishing-equipment-recreation","7":"product_cat-cords-fishing-equipment-recreation","8":"product_cat-braided-fishing-lines-cords-fishing-equipment-recreation","9":"product_cat-recreation","11":"first","12":"instock","13":"shipping-taxable","14":"purchasable","15":"product-type-simple"},"_links":{"self":[{"href":"https:\/\/sezona.lv\/en\/wp-json\/wp\/v2\/product\/78064","targetHints":{"allow":["GET"]}}],"collection":[{"href":"https:\/\/sezona.lv\/en\/wp-json\/wp\/v2\/product"}],"about":[{"href":"https:\/\/sezona.lv\/en\/wp-json\/wp\/v2\/types\/product"}],"wp:attachment":[{"href":"https:\/\/sezona.lv\/en\/wp-json\/wp\/v2\/media?parent=78064"}],"wp:term":[{"taxonomy":"product_brand","embeddable":true,"href":"https:\/\/sezona.lv\/en\/wp-json\/wp\/v2\/product_brand?post=78064"},{"taxonomy":"product_cat","embeddable":true,"href":"https:\/\/sezona.lv\/en\/wp-json\/wp\/v2\/product_cat?post=78064"},{"taxonomy":"product_tag","embeddable":true,"href":"https:\/\/sezona.lv\/en\/wp-json\/wp\/v2\/product_tag?post=78064"}],"curies":[{"name":"wp","href":"https:\/\/api.w.org\/{rel}","templated":true}]}}