{"id":78066,"date":"2025-07-14T15:17:43","date_gmt":"2025-07-14T12:17:43","guid":{"rendered":"https:\/\/demo8.ecube.lv\/sezona.lv\/products\/sufix-pita-aukla-performance-pro-8-1500m-zala\/"},"modified":"2025-07-14T15:17:43","modified_gmt":"2025-07-14T12:17:43","slug":"sufix-pita-aukla-performance-pro-8-1500m-zala","status":"publish","type":"product","link":"https:\/\/sezona.lv\/en\/products\/sufix-pita-aukla-performance-pro-8-1500m-zala\/","title":{"rendered":"SUFIX p\u012bt\u0101 aukla PERFORMANCE PRO 8 1500m za\u013ca"},"content":{"rendered":"<div class=\"desc_block\">SUFIX PERFORMANCE PRO 8 ir apa\u013ca un m\u012bksta p\u012bt\u0101 aukla, 8 dz\u012bslu konstrukcija no tiev\u0101m Dyneema  &scaron;\u0137iedr\u0101m, rada \u012bpa&scaron;u iztur\u012bbu. Tieva p\u012bt\u0101 aukla, kurai piem\u012bt augsta  nodilumizstur\u012bba, lieliska mezglu notur\u012bba. R8 p\u012b&scaron;anas tehnolo\u0123ijas  proces\u0101 tiek rad\u012bta gluda un m\u012bksta p\u012bt\u0101 aukla, ar vienm\u0113r\u012bgu diametru  un augstu kvalit\u0101ti.<\/div>\n<div class=\"desc_block\">\n<table style=\"text-align: center;height: 242px\" border=\"0\" cellspacing=\"0\" cellpadding=\"0\" width=\"205\">\n<tbody>\n<tr>\n<td style=\"height: 35px;width: 65px;text-align: center;background-color: #cccccc\">\n<div style=\"text-align: center\"><strong>Diametrs (mm)&nbsp;<\/strong><\/div>\n<\/td>\n<td style=\"width: 65px;text-align: center;height: 35px;background-color: #cccccc\">\n<div style=\"text-align: center\"><strong>&nbsp;Tests <\/strong><\/div>\n<div style=\"text-align: center\"><strong>(kg)<\/strong><\/div>\n<\/td>\n<\/tr>\n<tr>\n<td style=\"height: 20px;text-align: center\" height=\"20\">0.10<\/td>\n<td style=\"text-align: center\">6.50<\/td>\n<\/tr>\n<tr>\n<td style=\"height: 20px;text-align: center\" height=\"20\">0.12<\/td>\n<td style=\"text-align: center\">8.20<\/td>\n<\/tr>\n<tr>\n<td style=\"height: 20px;text-align: center\" height=\"20\">0.15<\/td>\n<td style=\"text-align: center\">10.20<\/td>\n<\/tr>\n<tr>\n<td style=\"height: 20px;text-align: center\" height=\"20\">0.18<\/td>\n<td style=\"text-align: center\">13.50<\/td>\n<\/tr>\n<tr>\n<td style=\"height: 20px;text-align: center\" height=\"20\">0.21<\/td>\n<td style=\"text-align: center\">17.50<\/td>\n<\/tr>\n<tr>\n<td style=\"height: 20px;text-align: center\" height=\"20\">0.24<\/td>\n<td style=\"text-align: center\">19.50<\/td>\n<\/tr>\n<tr>\n<td style=\"height: 20px;text-align: center\" height=\"20\">0.27<\/td>\n<td style=\"text-align: center\">22.00<\/td>\n<\/tr>\n<tr>\n<td>0.30<\/td>\n<td>29.00<\/td>\n<\/tr>\n<tr>\n<td>0.35<\/td>\n<td>39.00<\/td>\n<\/tr>\n<tr>\n<td>0.40<\/td>\n<td>50.00<\/td>\n<\/tr>\n<\/tbody>\n<\/table>\n<\/div>\n<div class=\"desc_block\"><\/div>\n","protected":false},"excerpt":{"rendered":"<p>SUFIX PERFORMANCE PRO 8 ir apa\u013ca un m\u012bksta p\u012bt\u0101 aukla, 8 dz\u012bslu konstrukcija no tiev\u0101m Dyneema &scaron;\u0137iedr\u0101m, rada \u012bpa&scaron;u iztur\u012bbu. Tieva p\u012bt\u0101 aukla, kurai piem\u012bt augsta nodilumizstur\u012bba, lieliska mezglu notur\u012bba. R8 p\u012b&scaron;anas tehnolo\u0123ijas proces\u0101 tiek rad\u012bta gluda un m\u012bksta p\u012bt\u0101 aukla, ar vienm\u0113r\u012bgu diametru un augstu kvalit\u0101ti. Diametrs (mm)&nbsp; &nbsp;Tests (kg) 0.10 6.50 0.12 8.20 [&hellip;]<\/p>\n","protected":false},"featured_media":0,"template":"","meta":[],"product_brand":[3392],"product_cat":[4538,4552,4554,4640],"product_tag":[],"class_list":{"0":"post-78066","1":"product","2":"type-product","3":"status-publish","5":"product_brand-sufix","6":"product_cat-fishing-equipment-recreation","7":"product_cat-cords-fishing-equipment-recreation","8":"product_cat-braided-fishing-lines-cords-fishing-equipment-recreation","9":"product_cat-recreation","11":"first","12":"instock","13":"shipping-taxable","14":"purchasable","15":"product-type-simple"},"_links":{"self":[{"href":"https:\/\/sezona.lv\/en\/wp-json\/wp\/v2\/product\/78066","targetHints":{"allow":["GET"]}}],"collection":[{"href":"https:\/\/sezona.lv\/en\/wp-json\/wp\/v2\/product"}],"about":[{"href":"https:\/\/sezona.lv\/en\/wp-json\/wp\/v2\/types\/product"}],"wp:attachment":[{"href":"https:\/\/sezona.lv\/en\/wp-json\/wp\/v2\/media?parent=78066"}],"wp:term":[{"taxonomy":"product_brand","embeddable":true,"href":"https:\/\/sezona.lv\/en\/wp-json\/wp\/v2\/product_brand?post=78066"},{"taxonomy":"product_cat","embeddable":true,"href":"https:\/\/sezona.lv\/en\/wp-json\/wp\/v2\/product_cat?post=78066"},{"taxonomy":"product_tag","embeddable":true,"href":"https:\/\/sezona.lv\/en\/wp-json\/wp\/v2\/product_tag?post=78066"}],"curies":[{"name":"wp","href":"https:\/\/api.w.org\/{rel}","templated":true}]}}