{"id":78067,"date":"2025-07-14T15:17:44","date_gmt":"2025-07-14T12:17:44","guid":{"rendered":"https:\/\/demo8.ecube.lv\/sezona.lv\/products\/sufix-pita-aukla-performance-fuse-135m-pelekzila\/"},"modified":"2025-07-14T15:17:44","modified_gmt":"2025-07-14T12:17:44","slug":"sufix-pita-aukla-performance-fuse-135m-pelekzila","status":"publish","type":"product","link":"https:\/\/sezona.lv\/en\/products\/sufix-pita-aukla-performance-fuse-135m-pelekzila\/","title":{"rendered":"SUFIX p\u012bt\u0101 aukla PERFORMANCE FUSE 135m pel\u0113kzila"},"content":{"rendered":"<div class=\"desc_block\">SUFIX PERFORMANCE FUSE ir daudz apa\u013c\u0101ka p\u012bt\u0101 aukla ar uzlabotu sast\u0101vu, gluda, ar nevainojamu  lidojumu metiena laik\u0101. 100% Dyneema &scaron;\u0137iedra. Praktiski nemaz nestaip\u0101s,  \u012apa&scaron;i vienm\u0113r\u012bgs diametrs. Visaugt\u0101k\u0101 stiepes un mezglu iztur\u012bba.<\/div>\n<div class=\"desc_block\">\n<table style=\"text-align: center;height: 217px\" border=\"0\" cellspacing=\"0\" cellpadding=\"0\" width=\"205\">\n<tbody>\n<tr>\n<td style=\"height: 35px;width: 65px;text-align: center;background-color: #cccccc\">\n<div style=\"text-align: center\"><strong>Diametrs (mm)&nbsp;<\/strong><\/div>\n<\/td>\n<td style=\"width: 65px;text-align: center;height: 35px;background-color: #cccccc\">\n<div style=\"text-align: center\"><strong>&nbsp;Tests <\/strong><\/div>\n<div style=\"text-align: center\"><strong>(kg)<\/strong><\/div>\n<\/td>\n<\/tr>\n<tr>\n<td style=\"height: 20px;text-align: center\" height=\"20\">0.10<\/td>\n<td style=\"text-align: center\">3.60<\/td>\n<\/tr>\n<tr>\n<td style=\"height: 20px;text-align: center\" height=\"20\">0.12<\/td>\n<td style=\"text-align: center\">4.50<\/td>\n<\/tr>\n<tr>\n<td style=\"height: 20px;text-align: center\" height=\"20\">0.14<\/td>\n<td style=\"text-align: center\">8.20<\/td>\n<\/tr>\n<tr>\n<td style=\"height: 20px;text-align: center\" height=\"20\">0.16<\/td>\n<td style=\"text-align: center\">6.80<\/td>\n<\/tr>\n<tr>\n<td style=\"height: 20px;text-align: center\" height=\"20\">0.18<\/td>\n<td style=\"text-align: center\">9.10<\/td>\n<\/tr>\n<tr>\n<td style=\"height: 20px;text-align: center\" height=\"20\">0.20<\/td>\n<td style=\"text-align: center\">11.40<\/td>\n<\/tr>\n<tr>\n<td style=\"height: 20px;text-align: center\" height=\"20\">0.23<\/td>\n<td style=\"text-align: center\">13.60<\/td>\n<\/tr>\n<tr>\n<td>0.30<\/td>\n<td>21.00<\/td>\n<\/tr>\n<tr>\n<td>0.34<\/td>\n<td>25.00<\/td>\n<\/tr>\n<\/tbody>\n<\/table>\n<\/div>\n","protected":false},"excerpt":{"rendered":"<p>SUFIX PERFORMANCE FUSE ir daudz apa\u013c\u0101ka p\u012bt\u0101 aukla ar uzlabotu sast\u0101vu, gluda, ar nevainojamu lidojumu metiena laik\u0101. 100% Dyneema &scaron;\u0137iedra. Praktiski nemaz nestaip\u0101s, \u012apa&scaron;i vienm\u0113r\u012bgs diametrs. Visaugt\u0101k\u0101 stiepes un mezglu iztur\u012bba. Diametrs (mm)&nbsp; &nbsp;Tests (kg) 0.10 3.60 0.12 4.50 0.14 8.20 0.16 6.80 0.18 9.10 0.20 11.40 0.23 13.60 0.30 21.00 0.34 25.00<\/p>\n","protected":false},"featured_media":0,"template":"","meta":[],"product_brand":[3392],"product_cat":[4538,4552,4554,4640],"product_tag":[],"class_list":{"0":"post-78067","1":"product","2":"type-product","3":"status-publish","5":"product_brand-sufix","6":"product_cat-fishing-equipment-recreation","7":"product_cat-cords-fishing-equipment-recreation","8":"product_cat-braided-fishing-lines-cords-fishing-equipment-recreation","9":"product_cat-recreation","11":"first","12":"instock","13":"shipping-taxable","14":"purchasable","15":"product-type-simple"},"_links":{"self":[{"href":"https:\/\/sezona.lv\/en\/wp-json\/wp\/v2\/product\/78067","targetHints":{"allow":["GET"]}}],"collection":[{"href":"https:\/\/sezona.lv\/en\/wp-json\/wp\/v2\/product"}],"about":[{"href":"https:\/\/sezona.lv\/en\/wp-json\/wp\/v2\/types\/product"}],"wp:attachment":[{"href":"https:\/\/sezona.lv\/en\/wp-json\/wp\/v2\/media?parent=78067"}],"wp:term":[{"taxonomy":"product_brand","embeddable":true,"href":"https:\/\/sezona.lv\/en\/wp-json\/wp\/v2\/product_brand?post=78067"},{"taxonomy":"product_cat","embeddable":true,"href":"https:\/\/sezona.lv\/en\/wp-json\/wp\/v2\/product_cat?post=78067"},{"taxonomy":"product_tag","embeddable":true,"href":"https:\/\/sezona.lv\/en\/wp-json\/wp\/v2\/product_tag?post=78067"}],"curies":[{"name":"wp","href":"https:\/\/api.w.org\/{rel}","templated":true}]}}