{"id":78069,"date":"2025-07-14T15:17:46","date_gmt":"2025-07-14T12:17:46","guid":{"rendered":"https:\/\/demo8.ecube.lv\/sezona.lv\/products\/sufix-pita-aukla-gravity-squared-neon-fire-100m-sarkana\/"},"modified":"2025-07-14T15:17:46","modified_gmt":"2025-07-14T12:17:46","slug":"sufix-pita-aukla-gravity-squared-neon-fire-100m-sarkana","status":"publish","type":"product","link":"https:\/\/sezona.lv\/en\/products\/sufix-pita-aukla-gravity-squared-neon-fire-100m-sarkana\/","title":{"rendered":"SUFIX p\u012bt\u0101 aukla GRAVITY SQUARED NEON FIRE 100m sarkana"},"content":{"rendered":"<p>SUFIX GRAVITY FAST SINKING ir \u010detru &scaron;\u0137iedru aukla, kas konstru\u0113ta no 2 Gore&reg; Performance un 2 Ultra  High Molecule &scaron;\u0137iedr\u0101m, kas nodro&scaron;ina \u0101tru grim&scaron;anu, augstu j\u016bt\u012bbu un  zivs uzbrukumu uztver&scaron;anu. \u0100rk\u0101rt\u012bgi augsta nodilumiztur\u012bba. Grim&scaron;anas  \u0101trums piel\u012bdzin\u0101ms fluorkarbona monofilaj\u0101m aukl\u0101m.<\/p>\n<table style=\"height: 263px\" border=\"0\" cellspacing=\"0\" cellpadding=\"0\" width=\"205\">\n<tbody>\n<tr>\n<td style=\"height: 35px;width: 65px;text-align: center;background-color: #cccccc\">\n<div style=\"text-align: center\"><strong>Diametrs (mm)&nbsp;<\/strong><\/div>\n<\/td>\n<td style=\"width: 65px;text-align: center;height: 35px;background-color: #cccccc\">\n<div style=\"text-align: center\"><strong>&nbsp;Tests <\/strong><\/div>\n<div style=\"text-align: center\"><strong>(kg)<\/strong><\/div>\n<\/td>\n<\/tr>\n<tr>\n<td style=\"height: 20px;text-align: center\" height=\"20\">0.08<\/td>\n<td style=\"text-align: center\">2.70<\/td>\n<\/tr>\n<tr>\n<td style=\"height: 20px;text-align: center\" height=\"20\">0.10<\/td>\n<td style=\"text-align: center\">3.60<\/td>\n<\/tr>\n<tr>\n<td style=\"height: 20px;text-align: center\" height=\"20\">0.12<\/td>\n<td style=\"text-align: center\">5.40<\/td>\n<\/tr>\n<tr>\n<td style=\"height: 20px;text-align: center\" height=\"20\">0.15<\/td>\n<td style=\"text-align: center\">6.80<\/td>\n<\/tr>\n<tr>\n<td style=\"height: 20px;text-align: center\" height=\"20\">0.18<\/td>\n<td style=\"text-align: center\">8.20<\/td>\n<\/tr>\n<\/tbody>\n<\/table>\n","protected":false},"excerpt":{"rendered":"<p>SUFIX GRAVITY FAST SINKING ir \u010detru &scaron;\u0137iedru aukla, kas konstru\u0113ta no 2 Gore&reg; Performance un 2 Ultra High Molecule &scaron;\u0137iedr\u0101m, kas nodro&scaron;ina \u0101tru grim&scaron;anu, augstu j\u016bt\u012bbu un zivs uzbrukumu uztver&scaron;anu. \u0100rk\u0101rt\u012bgi augsta nodilumiztur\u012bba. Grim&scaron;anas \u0101trums piel\u012bdzin\u0101ms fluorkarbona monofilaj\u0101m aukl\u0101m. Diametrs (mm)&nbsp; &nbsp;Tests (kg) 0.08 2.70 0.10 3.60 0.12 5.40 0.15 6.80 0.18 8.20<\/p>\n","protected":false},"featured_media":0,"template":"","meta":[],"product_brand":[3392],"product_cat":[4538,4552,4554,4640],"product_tag":[],"class_list":{"0":"post-78069","1":"product","2":"type-product","3":"status-publish","5":"product_brand-sufix","6":"product_cat-fishing-equipment-recreation","7":"product_cat-cords-fishing-equipment-recreation","8":"product_cat-braided-fishing-lines-cords-fishing-equipment-recreation","9":"product_cat-recreation","11":"first","12":"instock","13":"shipping-taxable","14":"purchasable","15":"product-type-simple"},"_links":{"self":[{"href":"https:\/\/sezona.lv\/en\/wp-json\/wp\/v2\/product\/78069","targetHints":{"allow":["GET"]}}],"collection":[{"href":"https:\/\/sezona.lv\/en\/wp-json\/wp\/v2\/product"}],"about":[{"href":"https:\/\/sezona.lv\/en\/wp-json\/wp\/v2\/types\/product"}],"wp:attachment":[{"href":"https:\/\/sezona.lv\/en\/wp-json\/wp\/v2\/media?parent=78069"}],"wp:term":[{"taxonomy":"product_brand","embeddable":true,"href":"https:\/\/sezona.lv\/en\/wp-json\/wp\/v2\/product_brand?post=78069"},{"taxonomy":"product_cat","embeddable":true,"href":"https:\/\/sezona.lv\/en\/wp-json\/wp\/v2\/product_cat?post=78069"},{"taxonomy":"product_tag","embeddable":true,"href":"https:\/\/sezona.lv\/en\/wp-json\/wp\/v2\/product_tag?post=78069"}],"curies":[{"name":"wp","href":"https:\/\/api.w.org\/{rel}","templated":true}]}}