{"id":78070,"date":"2025-07-11T16:28:58","date_gmt":"2025-07-11T13:28:58","guid":{"rendered":"https:\/\/demo8.ecube.lv\/sezona.lv\/products\/rapala-knaibles-sacp6\/"},"modified":"2025-07-14T15:17:47","modified_gmt":"2025-07-14T12:17:47","slug":"rapala-knaibles-sacp6","status":"publish","type":"product","link":"https:\/\/sezona.lv\/en\/products\/rapala-knaibles-sacp6\/","title":{"rendered":"Rapala knaibles SACP6"},"content":{"rendered":"<p>\u0112rtas Rapala knaibles kas izgatavotas no iztur\u012bga oglek\u013ca t\u0113rauda ar ni\u0137e\u013ca p\u0101rkl\u0101jumu.<\/p>\n<p>Garums: 16.5 cm<\/p>\n","protected":false},"excerpt":{"rendered":"<p>\u0112rtas Rapala knaibles kas izgatavotas no iztur\u012bga oglek\u013ca t\u0113rauda ar ni\u0137e\u013ca p\u0101rkl\u0101jumu. Garums: 16.5 cm<\/p>\n","protected":false},"featured_media":69120,"template":"","meta":[],"product_brand":[3368],"product_cat":[4538,4559],"product_tag":[],"class_list":{"0":"post-78070","1":"product","2":"type-product","3":"status-publish","4":"has-post-thumbnail","6":"product_brand-rapala","7":"product_cat-fishing-equipment-recreation","8":"product_cat-equipment-fishing-equipment-recreation","10":"first","11":"instock","12":"shipping-taxable","13":"purchasable","14":"product-type-simple"},"_links":{"self":[{"href":"https:\/\/sezona.lv\/en\/wp-json\/wp\/v2\/product\/78070","targetHints":{"allow":["GET"]}}],"collection":[{"href":"https:\/\/sezona.lv\/en\/wp-json\/wp\/v2\/product"}],"about":[{"href":"https:\/\/sezona.lv\/en\/wp-json\/wp\/v2\/types\/product"}],"wp:featuredmedia":[{"embeddable":true,"href":"https:\/\/sezona.lv\/en\/wp-json\/wp\/v2\/media\/69120"}],"wp:attachment":[{"href":"https:\/\/sezona.lv\/en\/wp-json\/wp\/v2\/media?parent=78070"}],"wp:term":[{"taxonomy":"product_brand","embeddable":true,"href":"https:\/\/sezona.lv\/en\/wp-json\/wp\/v2\/product_brand?post=78070"},{"taxonomy":"product_cat","embeddable":true,"href":"https:\/\/sezona.lv\/en\/wp-json\/wp\/v2\/product_cat?post=78070"},{"taxonomy":"product_tag","embeddable":true,"href":"https:\/\/sezona.lv\/en\/wp-json\/wp\/v2\/product_tag?post=78070"}],"curies":[{"name":"wp","href":"https:\/\/api.w.org\/{rel}","templated":true}]}}