{"id":78071,"date":"2025-07-11T16:28:59","date_gmt":"2025-07-11T13:28:59","guid":{"rendered":"https:\/\/demo8.ecube.lv\/sezona.lv\/products\/rapala-auklas-knaibles-rcdmc\/"},"modified":"2025-07-14T15:17:48","modified_gmt":"2025-07-14T12:17:48","slug":"rapala-auklas-knaibles-rcdmc","status":"publish","type":"product","link":"https:\/\/sezona.lv\/en\/products\/rapala-auklas-knaibles-rcdmc\/","title":{"rendered":"Rapala auklas knaibles RCDMC"},"content":{"rendered":"<p>Ergonomiskas un \u0113rtas Rapala auklas knaibles.<\/p>\n<p>Izgatavotas no ner\u016bs\u0113jo&scaron;\u0101 t\u0113rauda.<\/p>\n<p>Izmantojamas ar\u012b k\u0101 pude\u013cu attais\u0101mais.<\/p>\n<p>Garums: 7 cm<\/p>\n","protected":false},"excerpt":{"rendered":"<p>Ergonomiskas un \u0113rtas Rapala auklas knaibles. Izgatavotas no ner\u016bs\u0113jo&scaron;\u0101 t\u0113rauda. Izmantojamas ar\u012b k\u0101 pude\u013cu attais\u0101mais. Garums: 7 cm<\/p>\n","protected":false},"featured_media":69123,"template":"","meta":[],"product_brand":[3368],"product_cat":[4538,4552],"product_tag":[],"class_list":{"0":"post-78071","1":"product","2":"type-product","3":"status-publish","4":"has-post-thumbnail","6":"product_brand-rapala","7":"product_cat-fishing-equipment-recreation","8":"product_cat-cords-fishing-equipment-recreation","10":"first","11":"instock","12":"shipping-taxable","13":"purchasable","14":"product-type-simple"},"_links":{"self":[{"href":"https:\/\/sezona.lv\/en\/wp-json\/wp\/v2\/product\/78071","targetHints":{"allow":["GET"]}}],"collection":[{"href":"https:\/\/sezona.lv\/en\/wp-json\/wp\/v2\/product"}],"about":[{"href":"https:\/\/sezona.lv\/en\/wp-json\/wp\/v2\/types\/product"}],"wp:featuredmedia":[{"embeddable":true,"href":"https:\/\/sezona.lv\/en\/wp-json\/wp\/v2\/media\/69123"}],"wp:attachment":[{"href":"https:\/\/sezona.lv\/en\/wp-json\/wp\/v2\/media?parent=78071"}],"wp:term":[{"taxonomy":"product_brand","embeddable":true,"href":"https:\/\/sezona.lv\/en\/wp-json\/wp\/v2\/product_brand?post=78071"},{"taxonomy":"product_cat","embeddable":true,"href":"https:\/\/sezona.lv\/en\/wp-json\/wp\/v2\/product_cat?post=78071"},{"taxonomy":"product_tag","embeddable":true,"href":"https:\/\/sezona.lv\/en\/wp-json\/wp\/v2\/product_tag?post=78071"}],"curies":[{"name":"wp","href":"https:\/\/api.w.org\/{rel}","templated":true}]}}