{"id":78072,"date":"2025-07-14T15:17:49","date_gmt":"2025-07-14T12:17:49","guid":{"rendered":"https:\/\/demo8.ecube.lv\/sezona.lv\/products\/termovela-norfin-thermo-line-2\/"},"modified":"2025-07-14T15:17:49","modified_gmt":"2025-07-14T12:17:49","slug":"termovela-norfin-thermo-line-2","status":"publish","type":"product","link":"https:\/\/sezona.lv\/en\/products\/termovela-norfin-thermo-line-2\/","title":{"rendered":"Termove\u013ca NORFIN THERMO LINE 2"},"content":{"rendered":"<p>Pirm\u0101 l\u012bme\u0146a termove\u013ca izgatavota t\u0101, lai netrauc\u0113tu j\u016bsu kust\u012bb\u0101m,  nodro&scaron;inot maksim\u0101lu elast\u012bbu tur, kur tas ir nepiecie&scaron;ams un maksim\u0101li  \u0101tri izvad\u012btu mitrumu un saglab\u0101tu \u0137erme\u0146a siltumu. &Scaron;o termove\u013cu var  izmantot n\u0113s\u0101&scaron;anai ikdien\u0101 v\u0113sos laika apst\u0101k\u013cos, k\u0101 ar\u012b k\u0101 b\u0101zes sl\u0101ni  zem biez\u0101kas termove\u013cas dodoties mak&scaron;\u0137er\u0113t, med\u012bb\u0101s un atp\u016b&scaron;oties pie  dabas.<\/p>\n<p>&bull; Savelkama jostas vieta<\/p>\n<p>&bull; Augsta apkakle<\/p>\n<p>&bull; Elast\u012bgas man&scaron;etes<\/p>\n<p>&bull; Materi\u0101ls: 100% poliesters<\/p>\n<p><strong><\/strong><\/p>\n","protected":false},"excerpt":{"rendered":"<p>Pirm\u0101 l\u012bme\u0146a termove\u013ca izgatavota t\u0101, lai netrauc\u0113tu j\u016bsu kust\u012bb\u0101m, nodro&scaron;inot maksim\u0101lu elast\u012bbu tur, kur tas ir nepiecie&scaron;ams un maksim\u0101li \u0101tri izvad\u012btu mitrumu un saglab\u0101tu \u0137erme\u0146a siltumu. &Scaron;o termove\u013cu var izmantot n\u0113s\u0101&scaron;anai ikdien\u0101 v\u0113sos laika apst\u0101k\u013cos, k\u0101 ar\u012b k\u0101 b\u0101zes sl\u0101ni zem biez\u0101kas termove\u013cas dodoties mak&scaron;\u0137er\u0113t, med\u012bb\u0101s un atp\u016b&scaron;oties pie dabas. &bull; Savelkama jostas vieta &bull; [&hellip;]<\/p>\n","protected":false},"featured_media":0,"template":"","meta":[],"product_brand":[899],"product_cat":[4619,4621,4640,4985],"product_tag":[],"class_list":{"0":"post-78072","1":"product","2":"type-product","3":"status-publish","5":"product_brand-norfin","6":"product_cat-winter-clothes-recreation","7":"product_cat-thermal-underwear-winter-clothes-recreation","8":"product_cat-recreation","9":"product_cat-norfin-thermal-underwear-thermal-underwear-winter-clothes-recreation","11":"first","12":"instock","13":"shipping-taxable","14":"purchasable","15":"product-type-simple"},"_links":{"self":[{"href":"https:\/\/sezona.lv\/en\/wp-json\/wp\/v2\/product\/78072","targetHints":{"allow":["GET"]}}],"collection":[{"href":"https:\/\/sezona.lv\/en\/wp-json\/wp\/v2\/product"}],"about":[{"href":"https:\/\/sezona.lv\/en\/wp-json\/wp\/v2\/types\/product"}],"wp:attachment":[{"href":"https:\/\/sezona.lv\/en\/wp-json\/wp\/v2\/media?parent=78072"}],"wp:term":[{"taxonomy":"product_brand","embeddable":true,"href":"https:\/\/sezona.lv\/en\/wp-json\/wp\/v2\/product_brand?post=78072"},{"taxonomy":"product_cat","embeddable":true,"href":"https:\/\/sezona.lv\/en\/wp-json\/wp\/v2\/product_cat?post=78072"},{"taxonomy":"product_tag","embeddable":true,"href":"https:\/\/sezona.lv\/en\/wp-json\/wp\/v2\/product_tag?post=78072"}],"curies":[{"name":"wp","href":"https:\/\/api.w.org\/{rel}","templated":true}]}}