{"id":78078,"date":"2025-07-14T15:17:54","date_gmt":"2025-07-14T12:17:54","guid":{"rendered":"https:\/\/demo8.ecube.lv\/sezona.lv\/products\/ledusurbis-rextor-storm-130mm\/"},"modified":"2025-07-14T15:17:54","modified_gmt":"2025-07-14T12:17:54","slug":"ledusurbis-rextor-storm-130mm","status":"publish","type":"product","link":"https:\/\/sezona.lv\/en\/products\/ledusurbis-rextor-storm-130mm\/","title":{"rendered":"Ledusurbis Rextor Storm 130mm"},"content":{"rendered":"<div class=\"std\">Ledusurbis Rextor Storm. Ide\u0101li piem\u0113rojams mak&scaron;\u0137ernieka augumam, jo ir  izvelkams rokturis, kura aug&scaron;da\u013ca transform\u0113jot ir nolok\u0101ma. Vid\u0113ja gara  ledus v\u012btne, sf\u0113riskie na\u017ei no ner\u016bs\u0113jo&scaron;a met\u0101la.<\/div>\n<div class=\"std\">\n<table id=\"product-attribute-specs-table\" class=\"data-table\" border=\"0\">\n<tbody>\n<tr class=\"first odd\">\n<th class=\"label\">Svars, kg<\/th>\n<td class=\"data last\">2.98<\/td>\n<\/tr>\n<tr class=\"even\">\n<th class=\"label\">Veids<\/th>\n<td class=\"data last\">Ledusurbis<\/td>\n<\/tr>\n<tr class=\"odd\">\n<th class=\"label\">Diametrs, mm<\/th>\n<td class=\"data last\">130 mm<\/td>\n<\/tr>\n<tr class=\"even\">\n<th class=\"label\">Ledusurbja garums, m<\/th>\n<td class=\"data last\">1.31-1.61<\/td>\n<\/tr>\n<tr class=\"odd\">\n<th class=\"label\">V\u012btnes garums, m<\/th>\n<td class=\"data last\">0.62<\/td>\n<\/tr>\n<tr class=\"even\">\n<th class=\"label\">Transport\u0113&scaron;anas garums, m<\/th>\n<td class=\"data last\">0.78<\/td>\n<\/tr>\n<tr class=\"odd\">\n<th class=\"label\">Ra\u017eot\u0101js<\/th>\n<td class=\"data last\">Rextor<\/td>\n<\/tr>\n<tr class=\"last even\">\n<th class=\"label\">Garantija, gadi<\/th>\n<td class=\"data last\">2<\/td>\n<\/tr>\n<\/tbody>\n<\/table>\n<\/div>\n<div class=\"std\"><span><\/p>\n<div class=\"ma-main-container col2-right-layout\">\n<div class=\"container\">\n<div class=\"main\">\n<div class=\"main-inner\">\n<div class=\"row\"><\/div>\n<\/div>\n<\/div>\n<\/div>\n<\/div>\n<p><\/span><\/div>\n","protected":false},"excerpt":{"rendered":"<p>Ledusurbis Rextor Storm. Ide\u0101li piem\u0113rojams mak&scaron;\u0137ernieka augumam, jo ir izvelkams rokturis, kura aug&scaron;da\u013ca transform\u0113jot ir nolok\u0101ma. Vid\u0113ja gara ledus v\u012btne, sf\u0113riskie na\u017ei no ner\u016bs\u0113jo&scaron;a met\u0101la. Svars, kg 2.98 Veids Ledusurbis Diametrs, mm 130 mm Ledusurbja garums, m 1.31-1.61 V\u012btnes garums, m 0.62 Transport\u0113&scaron;anas garums, m 0.78 Ra\u017eot\u0101js Rextor Garantija, gadi 2<\/p>\n","protected":false},"featured_media":0,"template":"","meta":[],"product_brand":[901],"product_cat":[4585,4613,4640],"product_tag":[],"class_list":{"0":"post-78078","1":"product","2":"type-product","3":"status-publish","5":"product_brand-mora","6":"product_cat-winter-fishing-equipment-recreation","7":"product_cat-ice-drills-and-accessories-winter-fishing-equipment-recreation","8":"product_cat-recreation","10":"first","11":"instock","12":"shipping-taxable","13":"purchasable","14":"product-type-simple"},"_links":{"self":[{"href":"https:\/\/sezona.lv\/en\/wp-json\/wp\/v2\/product\/78078","targetHints":{"allow":["GET"]}}],"collection":[{"href":"https:\/\/sezona.lv\/en\/wp-json\/wp\/v2\/product"}],"about":[{"href":"https:\/\/sezona.lv\/en\/wp-json\/wp\/v2\/types\/product"}],"wp:attachment":[{"href":"https:\/\/sezona.lv\/en\/wp-json\/wp\/v2\/media?parent=78078"}],"wp:term":[{"taxonomy":"product_brand","embeddable":true,"href":"https:\/\/sezona.lv\/en\/wp-json\/wp\/v2\/product_brand?post=78078"},{"taxonomy":"product_cat","embeddable":true,"href":"https:\/\/sezona.lv\/en\/wp-json\/wp\/v2\/product_cat?post=78078"},{"taxonomy":"product_tag","embeddable":true,"href":"https:\/\/sezona.lv\/en\/wp-json\/wp\/v2\/product_tag?post=78078"}],"curies":[{"name":"wp","href":"https:\/\/api.w.org\/{rel}","templated":true}]}}