{"id":78080,"date":"2025-07-14T15:17:56","date_gmt":"2025-07-14T12:17:56","guid":{"rendered":"https:\/\/demo8.ecube.lv\/sezona.lv\/products\/mil-tec-udensdrosi-serkocini-15234000\/"},"modified":"2025-07-14T15:17:56","modified_gmt":"2025-07-14T12:17:56","slug":"mil-tec-udensdrosi-serkocini-15234000","status":"publish","type":"product","link":"https:\/\/sezona.lv\/en\/products\/mil-tec-udensdrosi-serkocini-15234000\/","title":{"rendered":"Mil Tec \u016bdensdro\u0161i s\u0113rkoci\u0146i 15234000"},"content":{"rendered":"<p><strong>Mil Tec \u016bdensdro&scaron;i s\u0113rkoci\u0146i 15234000<\/strong><\/p>\n<p>&#8211; waterproof<br \/> &#8211; available in 4-pack<br \/> &#8211; 35 matches per package<\/p>\n<p>&nbsp;<\/p>\n","protected":false},"excerpt":{"rendered":"<p>Mil Tec \u016bdensdro&scaron;i s\u0113rkoci\u0146i 15234000 &#8211; waterproof &#8211; available in 4-pack &#8211; 35 matches per package &nbsp;<\/p>\n","protected":false},"featured_media":0,"template":"","meta":[],"product_brand":[3390],"product_cat":[4558,4640,4720,4729],"product_tag":[],"class_list":{"0":"post-78080","1":"product","2":"type-product","3":"status-publish","5":"product_brand-mil-tec","6":"product_cat-for-tourism-recreation","7":"product_cat-recreation","8":"product_cat-gas-stoves-burners-lanterns-heaters-for-tourism-recreation","9":"product_cat-gas-dry-fuel-gas-stoves-burners-lanterns-heaters-for-tourism-recreation","11":"first","12":"instock","13":"shipping-taxable","14":"purchasable","15":"product-type-simple"},"_links":{"self":[{"href":"https:\/\/sezona.lv\/en\/wp-json\/wp\/v2\/product\/78080","targetHints":{"allow":["GET"]}}],"collection":[{"href":"https:\/\/sezona.lv\/en\/wp-json\/wp\/v2\/product"}],"about":[{"href":"https:\/\/sezona.lv\/en\/wp-json\/wp\/v2\/types\/product"}],"wp:attachment":[{"href":"https:\/\/sezona.lv\/en\/wp-json\/wp\/v2\/media?parent=78080"}],"wp:term":[{"taxonomy":"product_brand","embeddable":true,"href":"https:\/\/sezona.lv\/en\/wp-json\/wp\/v2\/product_brand?post=78080"},{"taxonomy":"product_cat","embeddable":true,"href":"https:\/\/sezona.lv\/en\/wp-json\/wp\/v2\/product_cat?post=78080"},{"taxonomy":"product_tag","embeddable":true,"href":"https:\/\/sezona.lv\/en\/wp-json\/wp\/v2\/product_tag?post=78080"}],"curies":[{"name":"wp","href":"https:\/\/api.w.org\/{rel}","templated":true}]}}