{"id":78081,"date":"2025-07-14T15:17:57","date_gmt":"2025-07-14T12:17:57","guid":{"rendered":"https:\/\/demo8.ecube.lv\/sezona.lv\/products\/mil-tec-udensdrosa-serkocinu-kaste-15238000\/"},"modified":"2025-07-14T15:17:57","modified_gmt":"2025-07-14T12:17:57","slug":"mil-tec-udensdrosa-serkocinu-kaste-15238000","status":"publish","type":"product","link":"https:\/\/sezona.lv\/en\/products\/mil-tec-udensdrosa-serkocinu-kaste-15238000\/","title":{"rendered":"Mil Tec \u016bdensdro\u0161a s\u0113rkoci\u0146u kaste 15238000"},"content":{"rendered":"<p><strong>Mil Tec \u016bdensdro&scaron;a s\u0113rkoci\u0146u kaste 15238000<\/strong><\/p>\n<p>100% Polypropylene<br \/> Dimensions: ca. 7,5 x 2,5 cm<\/p>\n<p> &#8211; with small flint on the bottom<br \/> &#8211; watertight<\/p>\n<p>&nbsp;<\/p>\n","protected":false},"excerpt":{"rendered":"<p>Mil Tec \u016bdensdro&scaron;a s\u0113rkoci\u0146u kaste 15238000 100% Polypropylene Dimensions: ca. 7,5 x 2,5 cm &#8211; with small flint on the bottom &#8211; watertight &nbsp;<\/p>\n","protected":false},"featured_media":0,"template":"","meta":[],"product_brand":[3390],"product_cat":[4558,4640,4720,4729],"product_tag":[],"class_list":{"0":"post-78081","1":"product","2":"type-product","3":"status-publish","5":"product_brand-mil-tec","6":"product_cat-for-tourism-recreation","7":"product_cat-recreation","8":"product_cat-gas-stoves-burners-lanterns-heaters-for-tourism-recreation","9":"product_cat-gas-dry-fuel-gas-stoves-burners-lanterns-heaters-for-tourism-recreation","11":"first","12":"instock","13":"shipping-taxable","14":"purchasable","15":"product-type-simple"},"_links":{"self":[{"href":"https:\/\/sezona.lv\/en\/wp-json\/wp\/v2\/product\/78081","targetHints":{"allow":["GET"]}}],"collection":[{"href":"https:\/\/sezona.lv\/en\/wp-json\/wp\/v2\/product"}],"about":[{"href":"https:\/\/sezona.lv\/en\/wp-json\/wp\/v2\/types\/product"}],"wp:attachment":[{"href":"https:\/\/sezona.lv\/en\/wp-json\/wp\/v2\/media?parent=78081"}],"wp:term":[{"taxonomy":"product_brand","embeddable":true,"href":"https:\/\/sezona.lv\/en\/wp-json\/wp\/v2\/product_brand?post=78081"},{"taxonomy":"product_cat","embeddable":true,"href":"https:\/\/sezona.lv\/en\/wp-json\/wp\/v2\/product_cat?post=78081"},{"taxonomy":"product_tag","embeddable":true,"href":"https:\/\/sezona.lv\/en\/wp-json\/wp\/v2\/product_tag?post=78081"}],"curies":[{"name":"wp","href":"https:\/\/api.w.org\/{rel}","templated":true}]}}