{"id":78085,"date":"2025-07-14T15:18:00","date_gmt":"2025-07-14T12:18:00","guid":{"rendered":"https:\/\/demo8.ecube.lv\/sezona.lv\/products\/mil-tec-turisma-zagis-15502500\/"},"modified":"2025-07-14T15:18:00","modified_gmt":"2025-07-14T12:18:00","slug":"mil-tec-turisma-zagis-15502500","status":"publish","type":"product","link":"https:\/\/sezona.lv\/en\/products\/mil-tec-turisma-zagis-15502500\/","title":{"rendered":"Mil Tec t\u016brisma z\u0101\u0123is 15502500"},"content":{"rendered":"<p><strong>Mil Tec t\u016brisma z\u0101\u0123is 15502500<\/strong><\/p>\n<p>100% Stainless Steel<br \/> Handles: 100% Polypropylene<br \/> Total length with handles: 71 cm<br \/> Length saw: 60 cm<br \/> Weight: 50 g<\/p>\n<p> &#8211; commando wire saw with PP handles<br \/> &#8211; eightfold wounded steel wire<br \/> &#8211; ideal for wood, plastic, bones and soft metal<\/p>\n<p>&nbsp;<\/p>\n","protected":false},"excerpt":{"rendered":"<p>Mil Tec t\u016brisma z\u0101\u0123is 15502500 100% Stainless Steel Handles: 100% Polypropylene Total length with handles: 71 cm Length saw: 60 cm Weight: 50 g &#8211; commando wire saw with PP handles &#8211; eightfold wounded steel wire &#8211; ideal for wood, plastic, bones and soft metal &nbsp;<\/p>\n","protected":false},"featured_media":0,"template":"","meta":[],"product_brand":[3390],"product_cat":[4558,4571,4640,4997],"product_tag":[],"class_list":{"0":"post-78085","1":"product","2":"type-product","3":"status-publish","5":"product_brand-mil-tec","6":"product_cat-for-tourism-recreation","7":"product_cat-dishes-knives-folding-tables-for-tourism-recreation","8":"product_cat-recreation","9":"product_cat-saws-axes-dishes-knives-folding-tables-for-tourism-recreation","11":"first","12":"instock","13":"shipping-taxable","14":"purchasable","15":"product-type-simple"},"_links":{"self":[{"href":"https:\/\/sezona.lv\/en\/wp-json\/wp\/v2\/product\/78085","targetHints":{"allow":["GET"]}}],"collection":[{"href":"https:\/\/sezona.lv\/en\/wp-json\/wp\/v2\/product"}],"about":[{"href":"https:\/\/sezona.lv\/en\/wp-json\/wp\/v2\/types\/product"}],"wp:attachment":[{"href":"https:\/\/sezona.lv\/en\/wp-json\/wp\/v2\/media?parent=78085"}],"wp:term":[{"taxonomy":"product_brand","embeddable":true,"href":"https:\/\/sezona.lv\/en\/wp-json\/wp\/v2\/product_brand?post=78085"},{"taxonomy":"product_cat","embeddable":true,"href":"https:\/\/sezona.lv\/en\/wp-json\/wp\/v2\/product_cat?post=78085"},{"taxonomy":"product_tag","embeddable":true,"href":"https:\/\/sezona.lv\/en\/wp-json\/wp\/v2\/product_tag?post=78085"}],"curies":[{"name":"wp","href":"https:\/\/api.w.org\/{rel}","templated":true}]}}