{"id":78086,"date":"2025-07-14T15:18:01","date_gmt":"2025-07-14T12:18:01","guid":{"rendered":"https:\/\/demo8.ecube.lv\/sezona.lv\/products\/mil-tec-saliekams-turisma-zagis-15504500\/"},"modified":"2025-07-14T15:18:01","modified_gmt":"2025-07-14T12:18:01","slug":"mil-tec-saliekams-turisma-zagis-15504500","status":"publish","type":"product","link":"https:\/\/sezona.lv\/en\/products\/mil-tec-saliekams-turisma-zagis-15504500\/","title":{"rendered":"Mil Tec saliekams t\u016brisma z\u0101\u0123is 15504500"},"content":{"rendered":"<p><strong>Mil Tec saliekams t\u016brisma z\u0101\u0123is 15504500<\/strong><\/p>\n<p>Blade: 100% Stainless Steel<br \/> Hilt: plastic<br \/> Pouch: 100% Nylon<br \/> Blade length: 19,5 cm<br \/> Total length: 41 cm<br \/> Weight: ca. 380 g<\/p>\n<p>&nbsp;<\/p>\n","protected":false},"excerpt":{"rendered":"<p>Mil Tec saliekams t\u016brisma z\u0101\u0123is 15504500 Blade: 100% Stainless Steel Hilt: plastic Pouch: 100% Nylon Blade length: 19,5 cm Total length: 41 cm Weight: ca. 380 g &nbsp;<\/p>\n","protected":false},"featured_media":0,"template":"","meta":[],"product_brand":[],"product_cat":[4558,4571,4640,4997],"product_tag":[],"class_list":{"0":"post-78086","1":"product","2":"type-product","3":"status-publish","5":"product_cat-for-tourism-recreation","6":"product_cat-dishes-knives-folding-tables-for-tourism-recreation","7":"product_cat-recreation","8":"product_cat-saws-axes-dishes-knives-folding-tables-for-tourism-recreation","10":"first","11":"instock","12":"shipping-taxable","13":"purchasable","14":"product-type-simple"},"_links":{"self":[{"href":"https:\/\/sezona.lv\/en\/wp-json\/wp\/v2\/product\/78086","targetHints":{"allow":["GET"]}}],"collection":[{"href":"https:\/\/sezona.lv\/en\/wp-json\/wp\/v2\/product"}],"about":[{"href":"https:\/\/sezona.lv\/en\/wp-json\/wp\/v2\/types\/product"}],"wp:attachment":[{"href":"https:\/\/sezona.lv\/en\/wp-json\/wp\/v2\/media?parent=78086"}],"wp:term":[{"taxonomy":"product_brand","embeddable":true,"href":"https:\/\/sezona.lv\/en\/wp-json\/wp\/v2\/product_brand?post=78086"},{"taxonomy":"product_cat","embeddable":true,"href":"https:\/\/sezona.lv\/en\/wp-json\/wp\/v2\/product_cat?post=78086"},{"taxonomy":"product_tag","embeddable":true,"href":"https:\/\/sezona.lv\/en\/wp-json\/wp\/v2\/product_tag?post=78086"}],"curies":[{"name":"wp","href":"https:\/\/api.w.org\/{rel}","templated":true}]}}